{"id":789,"date":"2025-09-19T13:19:20","date_gmt":"2025-09-19T13:19:20","guid":{"rendered":"https:\/\/purple-crow-430701.hostingersite.com\/?page_id=789"},"modified":"2025-09-29T14:51:00","modified_gmt":"2025-09-29T14:51:00","slug":"vibe-budapest-party","status":"publish","type":"page","link":"https:\/\/vibe.smartbits.hu\/en\/vibe-budapest-party\/","title":{"rendered":"Late-Night Drinks &amp; DJ-Set"},"content":{"rendered":"<div data-elementor-type=\"wp-page\" data-elementor-id=\"789\" class=\"elementor elementor-789\" data-elementor-post-type=\"page\">\n\t\t\t\t<div class=\"elementor-element elementor-element-499ddb2 e-flex e-con-boxed e-con e-parent\" data-id=\"499ddb2\" data-element_type=\"container\" data-settings=\"{&quot;background_background&quot;:&quot;classic&quot;}\">\n\t\t\t\t\t<div class=\"e-con-inner\">\n\t\t\t\t<div class=\"elementor-element elementor-element-23e3559 elementor-widget elementor-widget-ucaddon_vibe_promo_card\" data-id=\"23e3559\" data-element_type=\"widget\" data-widget_type=\"ucaddon_vibe_promo_card.default\">\n\t\t\t\t<div class=\"elementor-widget-container\">\n\t\t\t\t\t\n<!-- start Vibe promo card -->\n<style>\/* widget: Vibe promo card *\/\n\n#uc_vibe_promo_card_elementor_23e3559 .image-container{\n\tbackground-image: url(\"https:\/\/vibe.smartbits.hu\/wp-content\/uploads\/2025\/09\/party_boxkep-1024x681.jpg\");\n}\n\n<\/style>\n\n<div class=\"promoc-widget promoc-widget-left\" id=\"uc_vibe_promo_card_elementor_23e3559\">\n  <div class=\"content\">\n        <div class=\"vibe-text\">\n      <div class=\"elementToProof\"><b><\/b>At VIBE, the night doesn\u2019t end with the last bite \u2013 that\u2019s when it truly begins.<br \/>After dinner, the rhythm shifts: premium cocktails, carefully curated snacks, and live DJ sets keep the energy high and the momentum going. There\u2019s no line between the dance floor and the tables \u2013 the mood builds slowly, then suddenly explodes, pulling you deeper into the night.<\/div><div>\u00a0<\/div><div class=\"elementToProof\">This experience is for those who want more than \u201cjust one last drink.\u201d It\u2019s for those who crave the pulse of Budapest\u2019s nightlife, where every beat invites you to stay a little longer. Whether it\u2019s a laid-back get-together, after-dinner cocktails, or a spontaneous party, VIBE is where the night doesn\u2019t stop \u2013 it simply evolves.<\/div><div>\u00a0<\/div><div class=\"elementToProof\">Because here, the question \u201cWhere to next?\u201d\u00a0doesn\u2019t exist. Everything is already here: food, drinks, music, and people \u2013 all blending into one unforgettable night you\u2019ll either share\u2026 or keep as your little secret.<\/div>\n    <\/div>\n      <\/div>\n  <div class=\"image-container\"><\/div>\n  \n\t<svg class=\"vibe-arrow vibe-arrow-left vibe-arrow-big vibe-arrow-custom-\" fill=\"none\" height=\"171\" viewbox=\"0 0 183 171\" width=\"183\" xmlns=\"http:\/\/www.w3.org\/2000\/svg\" xmlns:xlink=\"http:\/\/www.w3.org\/1999\/xlink\"><mask id=\"a\" height=\"171\" maskunits=\"userSpaceOnUse\" width=\"183\" x=\"0\" y=\"0\"><path d=\"m182.02 0h-182.02v170.94h182.02z\" fill=\"#fff\"\/><\/mask><g mask=\"url(#a)\"><path d=\"m176.97 94.5103c-5.35 3.71-12.73 2.4199-16.48-2.8701l-51.86-73.2299c-3.75-5.29-2.45-12.58005 2.9-16.29005 5.35-3.7 12.73-2.420007 16.47 2.86999l51.86 73.23006c3.75 5.29 2.45 12.58-2.9 16.29\"\/><path d=\"m176.97 76.4406c-5.35-3.7-12.73-2.42-16.48 2.87l-51.86 73.2304c-3.75 5.29-2.45 12.58 2.9 16.29 5.35 3.7 12.73 2.42 16.47-2.87l51.86-73.2305c3.75-5.29 2.45-12.5799-2.9-16.2899\"\/><path d=\"m123.72 94.5103c-5.35 3.71-12.73 2.4199-16.47-2.8701l-51.86-73.2299c-3.75-5.29-2.45-12.58005 2.9-16.29005 5.35-3.7 12.73-2.420007 16.47 2.86999l51.86 73.23006c3.75 5.29 2.45 12.58-2.91 16.29\"\/><path d=\"m123.72 76.4406c-5.35-3.7-12.73-2.42-16.47 2.87l-51.86 73.2304c-3.75 5.29-2.45 12.58 2.9 16.29 5.35 3.7 12.73 2.42 16.47-2.87l51.86-73.2305c3.75-5.29 2.45-12.5799-2.91-16.2899\"\/><path d=\"m70.48 94.5103c-5.35 3.71-12.73 2.4199-16.47-2.8701l-51.86002-73.2299c-3.75-5.29-2.449987-12.58005 2.90001-16.29005 5.35001-3.7 12.73001-2.420007 16.47001 2.86999l51.86 73.23006c3.75 5.29 2.45 12.58-2.9 16.29z\"\/><path d=\"m70.48 76.4406c-5.35-3.7-12.73-2.42-16.47 2.87l-51.86002 73.2304c-3.75 5.29-2.449987 12.58 2.90001 16.29 5.35001 3.7 12.73001 2.42 16.47001-2.87l51.86-73.2305c3.75-5.29 2.45-12.5799-2.9-16.2899z\"\/><\/g><\/svg>\n<\/div>\n<!-- end Vibe promo card -->\t\t\t\t<\/div>\n\t\t\t\t<\/div>\n\t\t\t\t\t<\/div>\n\t\t\t\t<\/div>\n\t\t<div class=\"elementor-element elementor-element-b8a7a3c e-flex e-con-boxed e-con e-parent\" data-id=\"b8a7a3c\" data-element_type=\"container\">\n\t\t\t\t\t<div class=\"e-con-inner\">\n\t\t\t\t<div class=\"elementor-element elementor-element-04610ec elementor-widget elementor-widget-html\" data-id=\"04610ec\" data-element_type=\"widget\" data-widget_type=\"html.default\">\n\t\t\t\t\t<iframe data-testid=\"embed-iframe\" style=\"border-radius:12px\" src=\"https:\/\/open.spotify.com\/embed\/playlist\/7jxyCJsIXsdSWboWSEoLIL?utm_source=generator\" width=\"100%\" height=\"352\" frameborder=\"0\" allowfullscreen=\"\" allow=\"autoplay; clipboard-write; encrypted-media; fullscreen; picture-in-picture\" loading=\"lazy\"><\/iframe>\t\t\t\t<\/div>\n\t\t\t\t\t<\/div>\n\t\t\t\t<\/div>\n\t\t<div class=\"elementor-element elementor-element-9b094fc e-con-full e-flex e-con e-parent\" data-id=\"9b094fc\" data-element_type=\"container\">\n\t\t\t\t<div class=\"elementor-element elementor-element-8698a66 elementor-widget elementor-widget-ucaddon_vibe_table_reservation\" data-id=\"8698a66\" data-element_type=\"widget\" data-widget_type=\"ucaddon_vibe_table_reservation.default\">\n\t\t\t\t<div class=\"elementor-widget-container\">\n\t\t\t\t\t\n<!-- start Vibe Table reservation -->\n<style>\/* widget: Vibe Table reservation *\/\n\n.reservation-widget-container{\n  \tpadding: 40px 20px;\n  \tdisplay: flex;\n  \tbackground: var(--purple-bg-dark);\n  \tposition: relative;\n  \toverflow: hidden;\n  \twidth: 100%;\n}\n.reservation-widget-main-container{\n  \tdisplay: flex;\n  \tposition: relative;\n}\n.reservation-widget-main-container:before, .reservation-widget-main-container:after{\n\tcontent: \"\";\n    background: var(--purple-light);\n    height: 10px;\n    left: 50%;\n    transform: translate(-50%);\n    top: -5px;\n    width: 100px;\n    position: absolute;\n  \tz-index: 1;\n}\n.reservation-widget-main-container:after{\n\tbottom: -5px;\n  \ttop: unset;\n}\n.reservation-widget{\n\tmax-width: 800px;\n  \tmargin: 0 auto;\n    display: grid;\n    grid-template-columns: 2fr 3fr;\n    align-items: end;\n  .content{\n    .vibe-arrow{\n    \tz-index: -1;\n    }\n\tbackground: var(--purple-overlay);\n    color: white;\n    margin: 0px 0px 30px -60px;\n    padding: 60px;\n    z-index: 11;\n    position: relative;\n    h2{\n      position: absolute;\n      top: -30px;\n      left: 0;\n      font-size: 28px;\n    }\n    p{\n    \ttext-align: center;\n    }\n    a{\n      position: absolute;\n      bottom: -20px;\n      right: 20px;\n    }\n  }\n  .image-container{\n  \tposition: relative;\n    z-index: 10;\n    display: flex;\n    img{\n    \twidth: 100%;\n        max-height: 320px;\n        object-fit: cover;\n      \taspect-ratio: 1;\n    }\n  }\n  .corner{\n  \tposition: absolute;\n    width: 60px;\n    aspect-ratio: 1;\n    z-index: -1;\n  }\n  .top-left{\n  \ttop: -7px;\n    left: -7px;\n    background: #b10161;\n  }\n\n}\n@media (max-width: 900px){\n  .reservation-widget{\n  \tgrid-template-columns: 1fr;\n    .content{\n    \tmargin: 0;\n      \tpadding: 20px;\n      h2{\n        margin-bottom: -15px;\n      \tmargin-top: 20px;\n        position: relative;\n      }\n      a{\n      \tright: 50%;\n     \ttransform: translate(50%);\n      }\n    }\n  }\n}\n\n<\/style>\n\n<div class=\"reservation-widget-main-container\">\n  <div class=\"reservation-widget-container\">\n    <div class=\"reservation-widget\">\n      <div class=\"image-container\">\n        <img decoding=\"async\" src=\"\/wp-content\/uploads\/2025\/09\/fooldal_bookingbox-1024x682.jpg\" alt=\"\">\n        <div class=\"corner top-left\"><\/div>\n        <div class=\"corner bottom-right\"><\/div>\n      <\/div>\n      <div class=\"content\">\n        <h2 class=\"vibe-title\">Dinner is only the beginning.<\/h2>\n        <p class=\"vibe-text\">\nA night you\u2019ll never forget \u2013 or never speak of.        <\/p>\n        \n\t<svg class=\"vibe-arrow vibe-arrow-right vibe-arrow-big vibe-arrow-custom-\" fill=\"none\" height=\"171\" viewbox=\"0 0 183 171\" width=\"183\" xmlns=\"http:\/\/www.w3.org\/2000\/svg\" xmlns:xlink=\"http:\/\/www.w3.org\/1999\/xlink\"><mask id=\"a\" height=\"171\" maskunits=\"userSpaceOnUse\" width=\"183\" x=\"0\" y=\"0\"><path d=\"m182.02 0h-182.02v170.94h182.02z\" fill=\"#fff\"\/><\/mask><g mask=\"url(#a)\"><path d=\"m176.97 94.5103c-5.35 3.71-12.73 2.4199-16.48-2.8701l-51.86-73.2299c-3.75-5.29-2.45-12.58005 2.9-16.29005 5.35-3.7 12.73-2.420007 16.47 2.86999l51.86 73.23006c3.75 5.29 2.45 12.58-2.9 16.29\"\/><path d=\"m176.97 76.4406c-5.35-3.7-12.73-2.42-16.48 2.87l-51.86 73.2304c-3.75 5.29-2.45 12.58 2.9 16.29 5.35 3.7 12.73 2.42 16.47-2.87l51.86-73.2305c3.75-5.29 2.45-12.5799-2.9-16.2899\"\/><path d=\"m123.72 94.5103c-5.35 3.71-12.73 2.4199-16.47-2.8701l-51.86-73.2299c-3.75-5.29-2.45-12.58005 2.9-16.29005 5.35-3.7 12.73-2.420007 16.47 2.86999l51.86 73.23006c3.75 5.29 2.45 12.58-2.91 16.29\"\/><path d=\"m123.72 76.4406c-5.35-3.7-12.73-2.42-16.47 2.87l-51.86 73.2304c-3.75 5.29-2.45 12.58 2.9 16.29 5.35 3.7 12.73 2.42 16.47-2.87l51.86-73.2305c3.75-5.29 2.45-12.5799-2.91-16.2899\"\/><path d=\"m70.48 94.5103c-5.35 3.71-12.73 2.4199-16.47-2.8701l-51.86002-73.2299c-3.75-5.29-2.449987-12.58005 2.90001-16.29005 5.35001-3.7 12.73001-2.420007 16.47001 2.86999l51.86 73.23006c3.75 5.29 2.45 12.58-2.9 16.29z\"\/><path d=\"m70.48 76.4406c-5.35-3.7-12.73-2.42-16.47 2.87l-51.86002 73.2304c-3.75 5.29-2.449987 12.58 2.90001 16.29 5.35001 3.7 12.73001 2.42 16.47001-2.87l51.86-73.2305c3.75-5.29 2.45-12.5799-2.9-16.2899z\"\/><\/g><\/svg>\n        <a href=\"https:\/\/www.sevenrooms.com\/experiences\/vibebudapest\/late-night-drinks-5768526743814144\" class=\"vibe-button-text vibe-btn btn-glow\" target=\"_blank\">BOOK NOW!<\/a>\n      <\/div>\n\n    <\/div>\n  <\/div>\n<\/div>\n<!-- end Vibe Table reservation -->\t\t\t\t<\/div>\n\t\t\t\t<\/div>\n\t\t\t\t<\/div>\n\t\t\t\t<\/div>","protected":false},"excerpt":{"rendered":"<p>A VIBE nem \u00e9r v\u00e9get az utols\u00f3 falattal \u2013 itt ekkor kezd\u0151dik igaz\u00e1n minden.A vacsora ut\u00e1n az este \u00faj ritmust vesz: pr\u00e9mium italok, gondosan v\u00e1logatott snackek \u00e9s \u00e9l\u0151 DJ-szettek gondoskodnak arr\u00f3l, hogy a lend\u00fclet ne t\u00f6rj\u00f6n meg. A t\u00e1nct\u00e9r \u00e9s az asztalok k\u00f6z\u00f6tt nincsenek hat\u00e1rok, a hangulat fokozatosan \u00e9p\u00fcl, majd egy ponton robban \u2013 \u00e9s [&hellip;]<\/p>","protected":false},"author":1,"featured_media":972,"parent":0,"menu_order":0,"comment_status":"closed","ping_status":"closed","template":"","meta":{"footnotes":""},"class_list":["post-789","page","type-page","status-publish","has-post-thumbnail","hentry"],"yoast_head":"<!-- This site is optimized with the Yoast SEO Premium plugin v26.2 (Yoast SEO v26.3) - https:\/\/yoast.com\/wordpress\/plugins\/seo\/ -->\n<title>\u00c9jszakai Vibe &#187; Vibe Budapest<\/title>\n<meta name=\"robots\" content=\"index, follow, max-snippet:-1, max-image-preview:large, max-video-preview:-1\" \/>\n<link rel=\"canonical\" href=\"https:\/\/purple-crow-430701.hostingersite.com\/vibe-budapest-party\/\" \/>\n<meta property=\"og:locale\" content=\"en_US\" \/>\n<meta property=\"og:type\" content=\"article\" \/>\n<meta property=\"og:title\" content=\"\u00c9jszakai Vibe\" \/>\n<meta property=\"og:description\" content=\"A VIBE nem \u00e9r v\u00e9get az utols\u00f3 falattal \u2013 itt ekkor kezd\u0151dik igaz\u00e1n minden.A vacsora ut\u00e1n az este \u00faj ritmust vesz: pr\u00e9mium italok, gondosan v\u00e1logatott snackek \u00e9s \u00e9l\u0151 DJ-szettek gondoskodnak arr\u00f3l, hogy a lend\u00fclet ne t\u00f6rj\u00f6n meg. A t\u00e1nct\u00e9r \u00e9s az asztalok k\u00f6z\u00f6tt nincsenek hat\u00e1rok, a hangulat fokozatosan \u00e9p\u00fcl, majd egy ponton robban \u2013 \u00e9s [&hellip;]\" \/>\n<meta property=\"og:url\" content=\"https:\/\/purple-crow-430701.hostingersite.com\/vibe-budapest-party\/\" \/>\n<meta property=\"og:site_name\" content=\"Vibe Budapest\" \/>\n<meta property=\"article:publisher\" content=\"https:\/\/www.facebook.com\/budapest.vibe\/\" \/>\n<meta property=\"article:modified_time\" content=\"2025-09-29T14:51:00+00:00\" \/>\n<meta property=\"og:image\" content=\"https:\/\/purple-crow-430701.hostingersite.com\/wp-content\/uploads\/2025\/09\/party_hero.jpg\" \/>\n\t<meta property=\"og:image:width\" content=\"1920\" \/>\n\t<meta property=\"og:image:height\" content=\"1277\" \/>\n\t<meta property=\"og:image:type\" content=\"image\/jpeg\" \/>\n<meta name=\"twitter:card\" content=\"summary_large_image\" \/>\n<meta name=\"twitter:label1\" content=\"Est. reading time\" \/>\n\t<meta name=\"twitter:data1\" content=\"2 minutes\" \/>\n<script type=\"application\/ld+json\" class=\"yoast-schema-graph\">{\"@context\":\"https:\/\/schema.org\",\"@graph\":[{\"@type\":\"WebPage\",\"@id\":\"https:\/\/purple-crow-430701.hostingersite.com\/vibe-budapest-party\/\",\"url\":\"https:\/\/purple-crow-430701.hostingersite.com\/vibe-budapest-party\/\",\"name\":\"\u00c9jszakai Vibe &#187; Vibe Budapest\",\"isPartOf\":{\"@id\":\"https:\/\/purple-crow-430701.hostingersite.com\/#website\"},\"primaryImageOfPage\":{\"@id\":\"https:\/\/purple-crow-430701.hostingersite.com\/vibe-budapest-party\/#primaryimage\"},\"image\":{\"@id\":\"https:\/\/purple-crow-430701.hostingersite.com\/vibe-budapest-party\/#primaryimage\"},\"thumbnailUrl\":\"https:\/\/vibe.smartbits.hu\/wp-content\/uploads\/2025\/09\/party_hero.jpg\",\"datePublished\":\"2025-09-19T13:19:20+00:00\",\"dateModified\":\"2025-09-29T14:51:00+00:00\",\"breadcrumb\":{\"@id\":\"https:\/\/purple-crow-430701.hostingersite.com\/vibe-budapest-party\/#breadcrumb\"},\"inLanguage\":\"en-US\",\"potentialAction\":[{\"@type\":\"ReadAction\",\"target\":[\"https:\/\/purple-crow-430701.hostingersite.com\/vibe-budapest-party\/\"]}]},{\"@type\":\"ImageObject\",\"inLanguage\":\"en-US\",\"@id\":\"https:\/\/purple-crow-430701.hostingersite.com\/vibe-budapest-party\/#primaryimage\",\"url\":\"https:\/\/vibe.smartbits.hu\/wp-content\/uploads\/2025\/09\/party_hero.jpg\",\"contentUrl\":\"https:\/\/vibe.smartbits.hu\/wp-content\/uploads\/2025\/09\/party_hero.jpg\",\"width\":1920,\"height\":1277},{\"@type\":\"BreadcrumbList\",\"@id\":\"https:\/\/purple-crow-430701.hostingersite.com\/vibe-budapest-party\/#breadcrumb\",\"itemListElement\":[{\"@type\":\"ListItem\",\"position\":1,\"name\":\"Home\",\"item\":\"https:\/\/vibe.smartbits.hu\/\"},{\"@type\":\"ListItem\",\"position\":2,\"name\":\"\u00c9jszakai Vibe\"}]},{\"@type\":\"WebSite\",\"@id\":\"https:\/\/purple-crow-430701.hostingersite.com\/#website\",\"url\":\"https:\/\/purple-crow-430701.hostingersite.com\/\",\"name\":\"VIBE Budapest - K\u00fcl\u00f6nleges \u00e9tterem a belv\u00e1rosban\",\"description\":\"\",\"publisher\":{\"@id\":\"https:\/\/purple-crow-430701.hostingersite.com\/#organization\"},\"alternateName\":\"VIBE Budapest\",\"potentialAction\":[{\"@type\":\"SearchAction\",\"target\":{\"@type\":\"EntryPoint\",\"urlTemplate\":\"https:\/\/purple-crow-430701.hostingersite.com\/?s={search_term_string}\"},\"query-input\":{\"@type\":\"PropertyValueSpecification\",\"valueRequired\":true,\"valueName\":\"search_term_string\"}}],\"inLanguage\":\"en-US\"},{\"@type\":\"Organization\",\"@id\":\"https:\/\/purple-crow-430701.hostingersite.com\/#organization\",\"name\":\"COSTES HUNGARY Kft.\",\"alternateName\":\"Costes Group - VIBE Budapest\",\"url\":\"https:\/\/purple-crow-430701.hostingersite.com\/\",\"logo\":{\"@type\":\"ImageObject\",\"inLanguage\":\"en-US\",\"@id\":\"https:\/\/purple-crow-430701.hostingersite.com\/#\/schema\/logo\/image\/\",\"url\":\"https:\/\/vibe.smartbits.hu\/wp-content\/uploads\/2025\/09\/cropped-464938995-869305201999959-127485990165575090-n.jpg\",\"contentUrl\":\"https:\/\/vibe.smartbits.hu\/wp-content\/uploads\/2025\/09\/cropped-464938995-869305201999959-127485990165575090-n.jpg\",\"width\":512,\"height\":512,\"caption\":\"COSTES HUNGARY Kft.\"},\"image\":{\"@id\":\"https:\/\/purple-crow-430701.hostingersite.com\/#\/schema\/logo\/image\/\"},\"sameAs\":[\"https:\/\/www.facebook.com\/budapest.vibe\/\",\"https:\/\/www.instagram.com\/vibe.budapest\/\",\"https:\/\/www.tiktok.com\/@vibebudapest\",\"https:\/\/www.youtube.com\/@VibeBudapest\",\"https:\/\/open.spotify.com\/playlist\/1JGI0CpY1SlP5xgJejmVPA?si=0464e4a509284a29&nd=1&dlsi=a5bedb7ab7c84ebd\"],\"email\":\"hello@vibe.smartbits.hu\",\"telephone\":\"+36 20 984 8423\",\"legalName\":\"COSTES HUNGARY Kft.\"}]}<\/script>\n<!-- \/ Yoast SEO Premium plugin. -->","yoast_head_json":{"title":"\u00c9jszakai Vibe &#187; Vibe Budapest","robots":{"index":"index","follow":"follow","max-snippet":"max-snippet:-1","max-image-preview":"max-image-preview:large","max-video-preview":"max-video-preview:-1"},"canonical":"https:\/\/purple-crow-430701.hostingersite.com\/vibe-budapest-party\/","og_locale":"en_US","og_type":"article","og_title":"\u00c9jszakai Vibe","og_description":"A VIBE nem \u00e9r v\u00e9get az utols\u00f3 falattal \u2013 itt ekkor kezd\u0151dik igaz\u00e1n minden.A vacsora ut\u00e1n az este \u00faj ritmust vesz: pr\u00e9mium italok, gondosan v\u00e1logatott snackek \u00e9s \u00e9l\u0151 DJ-szettek gondoskodnak arr\u00f3l, hogy a lend\u00fclet ne t\u00f6rj\u00f6n meg. A t\u00e1nct\u00e9r \u00e9s az asztalok k\u00f6z\u00f6tt nincsenek hat\u00e1rok, a hangulat fokozatosan \u00e9p\u00fcl, majd egy ponton robban \u2013 \u00e9s [&hellip;]","og_url":"https:\/\/purple-crow-430701.hostingersite.com\/vibe-budapest-party\/","og_site_name":"Vibe Budapest","article_publisher":"https:\/\/www.facebook.com\/budapest.vibe\/","article_modified_time":"2025-09-29T14:51:00+00:00","og_image":[{"width":1920,"height":1277,"url":"https:\/\/purple-crow-430701.hostingersite.com\/wp-content\/uploads\/2025\/09\/party_hero.jpg","type":"image\/jpeg"}],"twitter_card":"summary_large_image","twitter_misc":{"Est. reading time":"2 minutes"},"schema":{"@context":"https:\/\/schema.org","@graph":[{"@type":"WebPage","@id":"https:\/\/purple-crow-430701.hostingersite.com\/vibe-budapest-party\/","url":"https:\/\/purple-crow-430701.hostingersite.com\/vibe-budapest-party\/","name":"\u00c9jszakai Vibe &#187; Vibe Budapest","isPartOf":{"@id":"https:\/\/purple-crow-430701.hostingersite.com\/#website"},"primaryImageOfPage":{"@id":"https:\/\/purple-crow-430701.hostingersite.com\/vibe-budapest-party\/#primaryimage"},"image":{"@id":"https:\/\/purple-crow-430701.hostingersite.com\/vibe-budapest-party\/#primaryimage"},"thumbnailUrl":"https:\/\/vibe.smartbits.hu\/wp-content\/uploads\/2025\/09\/party_hero.jpg","datePublished":"2025-09-19T13:19:20+00:00","dateModified":"2025-09-29T14:51:00+00:00","breadcrumb":{"@id":"https:\/\/purple-crow-430701.hostingersite.com\/vibe-budapest-party\/#breadcrumb"},"inLanguage":"en-US","potentialAction":[{"@type":"ReadAction","target":["https:\/\/purple-crow-430701.hostingersite.com\/vibe-budapest-party\/"]}]},{"@type":"ImageObject","inLanguage":"en-US","@id":"https:\/\/purple-crow-430701.hostingersite.com\/vibe-budapest-party\/#primaryimage","url":"https:\/\/vibe.smartbits.hu\/wp-content\/uploads\/2025\/09\/party_hero.jpg","contentUrl":"https:\/\/vibe.smartbits.hu\/wp-content\/uploads\/2025\/09\/party_hero.jpg","width":1920,"height":1277},{"@type":"BreadcrumbList","@id":"https:\/\/purple-crow-430701.hostingersite.com\/vibe-budapest-party\/#breadcrumb","itemListElement":[{"@type":"ListItem","position":1,"name":"Home","item":"https:\/\/vibe.smartbits.hu\/"},{"@type":"ListItem","position":2,"name":"\u00c9jszakai Vibe"}]},{"@type":"WebSite","@id":"https:\/\/purple-crow-430701.hostingersite.com\/#website","url":"https:\/\/purple-crow-430701.hostingersite.com\/","name":"VIBE Budapest - K\u00fcl\u00f6nleges \u00e9tterem a belv\u00e1rosban","description":"","publisher":{"@id":"https:\/\/purple-crow-430701.hostingersite.com\/#organization"},"alternateName":"VIBE Budapest","potentialAction":[{"@type":"SearchAction","target":{"@type":"EntryPoint","urlTemplate":"https:\/\/purple-crow-430701.hostingersite.com\/?s={search_term_string}"},"query-input":{"@type":"PropertyValueSpecification","valueRequired":true,"valueName":"search_term_string"}}],"inLanguage":"en-US"},{"@type":"Organization","@id":"https:\/\/purple-crow-430701.hostingersite.com\/#organization","name":"COSTES HUNGARY Kft.","alternateName":"Costes Group - VIBE Budapest","url":"https:\/\/purple-crow-430701.hostingersite.com\/","logo":{"@type":"ImageObject","inLanguage":"en-US","@id":"https:\/\/purple-crow-430701.hostingersite.com\/#\/schema\/logo\/image\/","url":"https:\/\/vibe.smartbits.hu\/wp-content\/uploads\/2025\/09\/cropped-464938995-869305201999959-127485990165575090-n.jpg","contentUrl":"https:\/\/vibe.smartbits.hu\/wp-content\/uploads\/2025\/09\/cropped-464938995-869305201999959-127485990165575090-n.jpg","width":512,"height":512,"caption":"COSTES HUNGARY Kft."},"image":{"@id":"https:\/\/purple-crow-430701.hostingersite.com\/#\/schema\/logo\/image\/"},"sameAs":["https:\/\/www.facebook.com\/budapest.vibe\/","https:\/\/www.instagram.com\/vibe.budapest\/","https:\/\/www.tiktok.com\/@vibebudapest","https:\/\/www.youtube.com\/@VibeBudapest","https:\/\/open.spotify.com\/playlist\/1JGI0CpY1SlP5xgJejmVPA?si=0464e4a509284a29&nd=1&dlsi=a5bedb7ab7c84ebd"],"email":"hello@vibe.smartbits.hu","telephone":"+36 20 984 8423","legalName":"COSTES HUNGARY Kft."}]}},"_links":{"self":[{"href":"https:\/\/vibe.smartbits.hu\/en\/wp-json\/wp\/v2\/pages\/789","targetHints":{"allow":["GET"]}}],"collection":[{"href":"https:\/\/vibe.smartbits.hu\/en\/wp-json\/wp\/v2\/pages"}],"about":[{"href":"https:\/\/vibe.smartbits.hu\/en\/wp-json\/wp\/v2\/types\/page"}],"author":[{"embeddable":true,"href":"https:\/\/vibe.smartbits.hu\/en\/wp-json\/wp\/v2\/users\/1"}],"replies":[{"embeddable":true,"href":"https:\/\/vibe.smartbits.hu\/en\/wp-json\/wp\/v2\/comments?post=789"}],"version-history":[{"count":32,"href":"https:\/\/vibe.smartbits.hu\/en\/wp-json\/wp\/v2\/pages\/789\/revisions"}],"predecessor-version":[{"id":1492,"href":"https:\/\/vibe.smartbits.hu\/en\/wp-json\/wp\/v2\/pages\/789\/revisions\/1492"}],"wp:featuredmedia":[{"embeddable":true,"href":"https:\/\/vibe.smartbits.hu\/en\/wp-json\/wp\/v2\/media\/972"}],"wp:attachment":[{"href":"https:\/\/vibe.smartbits.hu\/en\/wp-json\/wp\/v2\/media?parent=789"}],"curies":[{"name":"wp","href":"https:\/\/api.w.org\/{rel}","templated":true}]}}