{"id":788,"date":"2025-09-19T13:18:58","date_gmt":"2025-09-19T13:18:58","guid":{"rendered":"https:\/\/purple-crow-430701.hostingersite.com\/?page_id=788"},"modified":"2025-11-17T08:59:33","modified_gmt":"2025-11-17T08:59:33","slug":"vibe-budapest-bar","status":"publish","type":"page","link":"https:\/\/vibe.smartbits.hu\/en\/vibe-budapest-bar\/","title":{"rendered":"Bar &amp; entertainment"},"content":{"rendered":"<div data-elementor-type=\"wp-page\" data-elementor-id=\"788\" class=\"elementor elementor-788\" data-elementor-post-type=\"page\">\n\t\t\t\t<div class=\"elementor-element elementor-element-76aff98 e-flex e-con-boxed e-con e-parent\" data-id=\"76aff98\" data-element_type=\"container\" data-settings=\"{&quot;background_background&quot;:&quot;classic&quot;}\">\n\t\t\t\t\t<div class=\"e-con-inner\">\n\t\t\t\t<div class=\"elementor-element elementor-element-8c8bebc elementor-widget elementor-widget-ucaddon_vibe_promo_card\" data-id=\"8c8bebc\" data-element_type=\"widget\" data-widget_type=\"ucaddon_vibe_promo_card.default\">\n\t\t\t\t<div class=\"elementor-widget-container\">\n\t\t\t\t\t\n<!-- start Vibe promo card -->\n<style>\/* widget: Vibe promo card *\/\n\n#uc_vibe_promo_card_elementor_8c8bebc .image-container{\n\tbackground-image: url(\"https:\/\/vibe.smartbits.hu\/wp-content\/uploads\/2025\/09\/bar_boxkep-683x1024.jpg\");\n}\n\n<\/style>\n\n<div class=\"promoc-widget promoc-widget-left\" id=\"uc_vibe_promo_card_elementor_8c8bebc\">\n  <div class=\"content\">\n        <div class=\"vibe-text\">\n      <div class=\"elementToProof\"><div class=\"elementToProof\"><b><\/b>The VIBE bar is not just a place to drink \u2013 it\u2019s a destination of its own. Here, every sip tells a story, every moment takes a new turn. Our signature cocktails, reimagined classics, and secret recipes are all crafted to tempt and elevate your night beyond the ordinary.<\/div><div>\u00a0<\/div><div class=\"elementToProof\">When you take your seat at the bar, you\u2019re not just ordering a drink \u2013 you\u2019re stepping into an immersive experience. Dancers, acrobats, and live DJ sets come to life all around you, while world-class bartenders create liquid masterpieces right before your eyes. Among them is Marc Alvarez, one of the world\u2019s most celebrated mixologists, whose vision has made VIBE one of Budapest\u2019s most exciting flavour playgrounds.<\/div><div>\u00a0<\/div><div class=\"elementToProof\">Some cocktails are boldly provocative, others seductively smooth \u2013 but all share the same promise: at VIBE, a glass is never just\u00a0a drink. It\u2019s the moment the ice melts, the mood shifts, and the night takes on a new rhythm.<\/div><div>\u00a0<\/div><div class=\"elementToProof\">This is more than a bar. This is the beating heart of the city \u2013 where the cocktail is not just a drink, but part of the vibe itself.<\/div><\/div>\n    <\/div>\n      <\/div>\n  <div class=\"image-container\"><\/div>\n  \n\t<svg class=\"vibe-arrow vibe-arrow-left vibe-arrow-big vibe-arrow-custom-\" fill=\"none\" height=\"171\" viewbox=\"0 0 183 171\" width=\"183\" xmlns=\"http:\/\/www.w3.org\/2000\/svg\" xmlns:xlink=\"http:\/\/www.w3.org\/1999\/xlink\"><mask id=\"a\" height=\"171\" maskunits=\"userSpaceOnUse\" width=\"183\" x=\"0\" y=\"0\"><path d=\"m182.02 0h-182.02v170.94h182.02z\" fill=\"#fff\"\/><\/mask><g mask=\"url(#a)\"><path d=\"m176.97 94.5103c-5.35 3.71-12.73 2.4199-16.48-2.8701l-51.86-73.2299c-3.75-5.29-2.45-12.58005 2.9-16.29005 5.35-3.7 12.73-2.420007 16.47 2.86999l51.86 73.23006c3.75 5.29 2.45 12.58-2.9 16.29\"\/><path d=\"m176.97 76.4406c-5.35-3.7-12.73-2.42-16.48 2.87l-51.86 73.2304c-3.75 5.29-2.45 12.58 2.9 16.29 5.35 3.7 12.73 2.42 16.47-2.87l51.86-73.2305c3.75-5.29 2.45-12.5799-2.9-16.2899\"\/><path d=\"m123.72 94.5103c-5.35 3.71-12.73 2.4199-16.47-2.8701l-51.86-73.2299c-3.75-5.29-2.45-12.58005 2.9-16.29005 5.35-3.7 12.73-2.420007 16.47 2.86999l51.86 73.23006c3.75 5.29 2.45 12.58-2.91 16.29\"\/><path d=\"m123.72 76.4406c-5.35-3.7-12.73-2.42-16.47 2.87l-51.86 73.2304c-3.75 5.29-2.45 12.58 2.9 16.29 5.35 3.7 12.73 2.42 16.47-2.87l51.86-73.2305c3.75-5.29 2.45-12.5799-2.91-16.2899\"\/><path d=\"m70.48 94.5103c-5.35 3.71-12.73 2.4199-16.47-2.8701l-51.86002-73.2299c-3.75-5.29-2.449987-12.58005 2.90001-16.29005 5.35001-3.7 12.73001-2.420007 16.47001 2.86999l51.86 73.23006c3.75 5.29 2.45 12.58-2.9 16.29z\"\/><path d=\"m70.48 76.4406c-5.35-3.7-12.73-2.42-16.47 2.87l-51.86002 73.2304c-3.75 5.29-2.449987 12.58 2.90001 16.29 5.35001 3.7 12.73001 2.42 16.47001-2.87l51.86-73.2305c3.75-5.29 2.45-12.5799-2.9-16.2899z\"\/><\/g><\/svg>\n<\/div>\n<!-- end Vibe promo card -->\t\t\t\t<\/div>\n\t\t\t\t<\/div>\n\t\t\t\t\t<\/div>\n\t\t\t\t<\/div>\n\t\t<div class=\"elementor-element elementor-element-e9d1bd5 e-con-full e-flex e-con e-parent\" data-id=\"e9d1bd5\" data-element_type=\"container\">\n\t\t\t\t<div class=\"elementor-element elementor-element-04c8c20 elementor-widget elementor-widget-ucaddon_vibe_table_reservation\" data-id=\"04c8c20\" data-element_type=\"widget\" data-widget_type=\"ucaddon_vibe_table_reservation.default\">\n\t\t\t\t<div class=\"elementor-widget-container\">\n\t\t\t\t\t\n<!-- start Vibe Table reservation -->\n<style>\/* widget: Vibe Table reservation *\/\n\n.reservation-widget-container{\n  \tpadding: 40px 20px;\n  \tdisplay: flex;\n  \tbackground: var(--purple-bg-dark);\n  \tposition: relative;\n  \toverflow: hidden;\n  \twidth: 100%;\n}\n.reservation-widget-main-container{\n  \tdisplay: flex;\n  \tposition: relative;\n}\n.reservation-widget-main-container:before, .reservation-widget-main-container:after{\n\tcontent: \"\";\n    background: var(--purple-light);\n    height: 10px;\n    left: 50%;\n    transform: translate(-50%);\n    top: -5px;\n    width: 100px;\n    position: absolute;\n  \tz-index: 1;\n}\n.reservation-widget-main-container:after{\n\tbottom: -5px;\n  \ttop: unset;\n}\n.reservation-widget{\n\tmax-width: 800px;\n  \tmargin: 0 auto;\n    display: grid;\n    grid-template-columns: 2fr 3fr;\n    align-items: end;\n  .content{\n    .vibe-arrow{\n    \tz-index: -1;\n    }\n\tbackground: var(--purple-overlay);\n    color: white;\n    margin: 0px 0px 30px -60px;\n    padding: 60px;\n    z-index: 11;\n    position: relative;\n    h2{\n      position: absolute;\n      top: -30px;\n      left: 0;\n      font-size: 28px;\n    }\n    p{\n    \ttext-align: center;\n    }\n    a{\n      position: absolute;\n      bottom: -20px;\n      right: 20px;\n    }\n  }\n  .image-container{\n  \tposition: relative;\n    z-index: 10;\n    display: flex;\n    img{\n    \twidth: 100%;\n        max-height: 320px;\n        object-fit: cover;\n      \taspect-ratio: 1;\n    }\n  }\n  .corner{\n  \tposition: absolute;\n    width: 60px;\n    aspect-ratio: 1;\n    z-index: -1;\n  }\n  .top-left{\n  \ttop: -7px;\n    left: -7px;\n    background: #b10161;\n  }\n\n}\n@media (max-width: 900px){\n  .reservation-widget{\n  \tgrid-template-columns: 1fr;\n    .content{\n    \tmargin: 0;\n      \tpadding: 20px;\n      h2{\n        margin-bottom: -15px;\n      \tmargin-top: 20px;\n        position: relative;\n      }\n      a{\n      \tright: 50%;\n     \ttransform: translate(50%);\n      }\n    }\n  }\n}\n\n<\/style>\n\n<div class=\"reservation-widget-main-container\">\n  <div class=\"reservation-widget-container\">\n    <div class=\"reservation-widget\">\n      <div class=\"image-container\">\n        <img decoding=\"async\" src=\"\/wp-content\/uploads\/2025\/09\/fooldal_bookingbox-1024x682.jpg\" alt=\"\">\n        <div class=\"corner top-left\"><\/div>\n        <div class=\"corner bottom-right\"><\/div>\n      <\/div>\n      <div class=\"content\">\n        <h2 class=\"vibe-title\">Dinner is only the beginning.<\/h2>\n        <p class=\"vibe-text\">\nA night you\u2019ll never forget \u2013 or never speak of.        <\/p>\n        \n\t<svg class=\"vibe-arrow vibe-arrow-right vibe-arrow-big vibe-arrow-custom-\" fill=\"none\" height=\"171\" viewbox=\"0 0 183 171\" width=\"183\" xmlns=\"http:\/\/www.w3.org\/2000\/svg\" xmlns:xlink=\"http:\/\/www.w3.org\/1999\/xlink\"><mask id=\"a\" height=\"171\" maskunits=\"userSpaceOnUse\" width=\"183\" x=\"0\" y=\"0\"><path d=\"m182.02 0h-182.02v170.94h182.02z\" fill=\"#fff\"\/><\/mask><g mask=\"url(#a)\"><path d=\"m176.97 94.5103c-5.35 3.71-12.73 2.4199-16.48-2.8701l-51.86-73.2299c-3.75-5.29-2.45-12.58005 2.9-16.29005 5.35-3.7 12.73-2.420007 16.47 2.86999l51.86 73.23006c3.75 5.29 2.45 12.58-2.9 16.29\"\/><path d=\"m176.97 76.4406c-5.35-3.7-12.73-2.42-16.48 2.87l-51.86 73.2304c-3.75 5.29-2.45 12.58 2.9 16.29 5.35 3.7 12.73 2.42 16.47-2.87l51.86-73.2305c3.75-5.29 2.45-12.5799-2.9-16.2899\"\/><path d=\"m123.72 94.5103c-5.35 3.71-12.73 2.4199-16.47-2.8701l-51.86-73.2299c-3.75-5.29-2.45-12.58005 2.9-16.29005 5.35-3.7 12.73-2.420007 16.47 2.86999l51.86 73.23006c3.75 5.29 2.45 12.58-2.91 16.29\"\/><path d=\"m123.72 76.4406c-5.35-3.7-12.73-2.42-16.47 2.87l-51.86 73.2304c-3.75 5.29-2.45 12.58 2.9 16.29 5.35 3.7 12.73 2.42 16.47-2.87l51.86-73.2305c3.75-5.29 2.45-12.5799-2.91-16.2899\"\/><path d=\"m70.48 94.5103c-5.35 3.71-12.73 2.4199-16.47-2.8701l-51.86002-73.2299c-3.75-5.29-2.449987-12.58005 2.90001-16.29005 5.35001-3.7 12.73001-2.420007 16.47001 2.86999l51.86 73.23006c3.75 5.29 2.45 12.58-2.9 16.29z\"\/><path d=\"m70.48 76.4406c-5.35-3.7-12.73-2.42-16.47 2.87l-51.86002 73.2304c-3.75 5.29-2.449987 12.58 2.90001 16.29 5.35001 3.7 12.73001 2.42 16.47001-2.87l51.86-73.2305c3.75-5.29 2.45-12.5799-2.9-16.2899z\"\/><\/g><\/svg>\n        <a href=\"https:\/\/www.sevenrooms.com\/experiences\/vibebudapest\/bar-entertainment-4511189194326016\" class=\"vibe-button-text vibe-btn btn-glow\" target=\"_blank\">BOOK NOW!<\/a>\n      <\/div>\n\n    <\/div>\n  <\/div>\n<\/div>\n<!-- end Vibe Table reservation -->\t\t\t\t<\/div>\n\t\t\t\t<\/div>\n\t\t\t\t<\/div>\n\t\t\t\t<\/div>","protected":false},"excerpt":{"rendered":"<p>A VIBE b\u00e1rja nem egyszer\u0171 italoz\u00f3hely \u2013 \u00f6n\u00e1ll\u00f3 \u00fati c\u00e9l az \u00e9jszak\u00e1ban. Itt minden korty egy \u00faj t\u00f6rt\u00e9net, minden pillanat egy \u00faj fordulat. Signature kokt\u00e9ljaink, \u00fajragondolt klasszikusaink \u00e9s titkos receptjeink mind az\u00e9rt sz\u00fclettek, hogy k\u00eds\u00e9rtsenek \u2013 \u00e9s \u00faj szintre emelj\u00e9k az \u00e9jszak\u00e1t.\u00a0A b\u00e1rpultn\u00e1l foglalva helyet nem csak italt kapsz, hanem egy teljes \u00e9lm\u00e9nyt: a t\u00e1ncosok, [&hellip;]<\/p>","protected":false},"author":1,"featured_media":947,"parent":0,"menu_order":0,"comment_status":"closed","ping_status":"closed","template":"","meta":{"footnotes":""},"class_list":["post-788","page","type-page","status-publish","has-post-thumbnail","hentry"],"yoast_head":"<!-- This site is optimized with the Yoast SEO Premium plugin v26.2 (Yoast SEO v26.3) - https:\/\/yoast.com\/wordpress\/plugins\/seo\/ -->\n<title>B\u00e1r &amp; Show &#187; Vibe Budapest<\/title>\n<meta name=\"robots\" content=\"index, follow, max-snippet:-1, max-image-preview:large, max-video-preview:-1\" \/>\n<link rel=\"canonical\" href=\"https:\/\/purple-crow-430701.hostingersite.com\/vibe-budapest-bar\/\" \/>\n<meta property=\"og:locale\" content=\"en_US\" \/>\n<meta property=\"og:type\" content=\"article\" \/>\n<meta property=\"og:title\" content=\"B\u00e1r &amp; Show\" \/>\n<meta property=\"og:description\" content=\"A VIBE b\u00e1rja nem egyszer\u0171 italoz\u00f3hely \u2013 \u00f6n\u00e1ll\u00f3 \u00fati c\u00e9l az \u00e9jszak\u00e1ban. Itt minden korty egy \u00faj t\u00f6rt\u00e9net, minden pillanat egy \u00faj fordulat. Signature kokt\u00e9ljaink, \u00fajragondolt klasszikusaink \u00e9s titkos receptjeink mind az\u00e9rt sz\u00fclettek, hogy k\u00eds\u00e9rtsenek \u2013 \u00e9s \u00faj szintre emelj\u00e9k az \u00e9jszak\u00e1t.\u00a0A b\u00e1rpultn\u00e1l foglalva helyet nem csak italt kapsz, hanem egy teljes \u00e9lm\u00e9nyt: a t\u00e1ncosok, [&hellip;]\" \/>\n<meta property=\"og:url\" content=\"https:\/\/purple-crow-430701.hostingersite.com\/vibe-budapest-bar\/\" \/>\n<meta property=\"og:site_name\" content=\"Vibe Budapest\" \/>\n<meta property=\"article:publisher\" content=\"https:\/\/www.facebook.com\/budapest.vibe\/\" \/>\n<meta property=\"article:modified_time\" content=\"2025-11-17T08:59:33+00:00\" \/>\n<meta property=\"og:image\" content=\"https:\/\/purple-crow-430701.hostingersite.com\/wp-content\/uploads\/2025\/09\/bar_hero.jpg\" \/>\n\t<meta property=\"og:image:width\" content=\"1920\" \/>\n\t<meta property=\"og:image:height\" content=\"1280\" \/>\n\t<meta property=\"og:image:type\" content=\"image\/jpeg\" \/>\n<meta name=\"twitter:card\" content=\"summary_large_image\" \/>\n<meta name=\"twitter:label1\" content=\"Est. reading time\" \/>\n\t<meta name=\"twitter:data1\" content=\"2 minutes\" \/>\n<script type=\"application\/ld+json\" class=\"yoast-schema-graph\">{\"@context\":\"https:\/\/schema.org\",\"@graph\":[{\"@type\":\"WebPage\",\"@id\":\"https:\/\/purple-crow-430701.hostingersite.com\/vibe-budapest-bar\/\",\"url\":\"https:\/\/purple-crow-430701.hostingersite.com\/vibe-budapest-bar\/\",\"name\":\"B\u00e1r & Show &#187; Vibe Budapest\",\"isPartOf\":{\"@id\":\"https:\/\/purple-crow-430701.hostingersite.com\/#website\"},\"primaryImageOfPage\":{\"@id\":\"https:\/\/purple-crow-430701.hostingersite.com\/vibe-budapest-bar\/#primaryimage\"},\"image\":{\"@id\":\"https:\/\/purple-crow-430701.hostingersite.com\/vibe-budapest-bar\/#primaryimage\"},\"thumbnailUrl\":\"https:\/\/vibe.smartbits.hu\/wp-content\/uploads\/2025\/09\/bar_hero.jpg\",\"datePublished\":\"2025-09-19T13:18:58+00:00\",\"dateModified\":\"2025-11-17T08:59:33+00:00\",\"breadcrumb\":{\"@id\":\"https:\/\/purple-crow-430701.hostingersite.com\/vibe-budapest-bar\/#breadcrumb\"},\"inLanguage\":\"en-US\",\"potentialAction\":[{\"@type\":\"ReadAction\",\"target\":[\"https:\/\/purple-crow-430701.hostingersite.com\/vibe-budapest-bar\/\"]}]},{\"@type\":\"ImageObject\",\"inLanguage\":\"en-US\",\"@id\":\"https:\/\/purple-crow-430701.hostingersite.com\/vibe-budapest-bar\/#primaryimage\",\"url\":\"https:\/\/vibe.smartbits.hu\/wp-content\/uploads\/2025\/09\/bar_hero.jpg\",\"contentUrl\":\"https:\/\/vibe.smartbits.hu\/wp-content\/uploads\/2025\/09\/bar_hero.jpg\",\"width\":1920,\"height\":1280},{\"@type\":\"BreadcrumbList\",\"@id\":\"https:\/\/purple-crow-430701.hostingersite.com\/vibe-budapest-bar\/#breadcrumb\",\"itemListElement\":[{\"@type\":\"ListItem\",\"position\":1,\"name\":\"Home\",\"item\":\"https:\/\/vibe.smartbits.hu\/\"},{\"@type\":\"ListItem\",\"position\":2,\"name\":\"B\u00e1r &#038; Show\"}]},{\"@type\":\"WebSite\",\"@id\":\"https:\/\/purple-crow-430701.hostingersite.com\/#website\",\"url\":\"https:\/\/purple-crow-430701.hostingersite.com\/\",\"name\":\"VIBE Budapest - K\u00fcl\u00f6nleges \u00e9tterem a belv\u00e1rosban\",\"description\":\"\",\"publisher\":{\"@id\":\"https:\/\/purple-crow-430701.hostingersite.com\/#organization\"},\"alternateName\":\"VIBE Budapest\",\"potentialAction\":[{\"@type\":\"SearchAction\",\"target\":{\"@type\":\"EntryPoint\",\"urlTemplate\":\"https:\/\/purple-crow-430701.hostingersite.com\/?s={search_term_string}\"},\"query-input\":{\"@type\":\"PropertyValueSpecification\",\"valueRequired\":true,\"valueName\":\"search_term_string\"}}],\"inLanguage\":\"en-US\"},{\"@type\":\"Organization\",\"@id\":\"https:\/\/purple-crow-430701.hostingersite.com\/#organization\",\"name\":\"COSTES HUNGARY Kft.\",\"alternateName\":\"Costes Group - VIBE Budapest\",\"url\":\"https:\/\/purple-crow-430701.hostingersite.com\/\",\"logo\":{\"@type\":\"ImageObject\",\"inLanguage\":\"en-US\",\"@id\":\"https:\/\/purple-crow-430701.hostingersite.com\/#\/schema\/logo\/image\/\",\"url\":\"https:\/\/vibe.smartbits.hu\/wp-content\/uploads\/2025\/09\/cropped-464938995-869305201999959-127485990165575090-n.jpg\",\"contentUrl\":\"https:\/\/vibe.smartbits.hu\/wp-content\/uploads\/2025\/09\/cropped-464938995-869305201999959-127485990165575090-n.jpg\",\"width\":512,\"height\":512,\"caption\":\"COSTES HUNGARY Kft.\"},\"image\":{\"@id\":\"https:\/\/purple-crow-430701.hostingersite.com\/#\/schema\/logo\/image\/\"},\"sameAs\":[\"https:\/\/www.facebook.com\/budapest.vibe\/\",\"https:\/\/www.instagram.com\/vibe.budapest\/\",\"https:\/\/www.tiktok.com\/@vibebudapest\",\"https:\/\/www.youtube.com\/@VibeBudapest\",\"https:\/\/open.spotify.com\/playlist\/1JGI0CpY1SlP5xgJejmVPA?si=0464e4a509284a29&nd=1&dlsi=a5bedb7ab7c84ebd\"],\"email\":\"hello@vibe.smartbits.hu\",\"telephone\":\"+36 20 984 8423\",\"legalName\":\"COSTES HUNGARY Kft.\"}]}<\/script>\n<!-- \/ Yoast SEO Premium plugin. -->","yoast_head_json":{"title":"B\u00e1r & Show &#187; Vibe Budapest","robots":{"index":"index","follow":"follow","max-snippet":"max-snippet:-1","max-image-preview":"max-image-preview:large","max-video-preview":"max-video-preview:-1"},"canonical":"https:\/\/purple-crow-430701.hostingersite.com\/vibe-budapest-bar\/","og_locale":"en_US","og_type":"article","og_title":"B\u00e1r & Show","og_description":"A VIBE b\u00e1rja nem egyszer\u0171 italoz\u00f3hely \u2013 \u00f6n\u00e1ll\u00f3 \u00fati c\u00e9l az \u00e9jszak\u00e1ban. Itt minden korty egy \u00faj t\u00f6rt\u00e9net, minden pillanat egy \u00faj fordulat. Signature kokt\u00e9ljaink, \u00fajragondolt klasszikusaink \u00e9s titkos receptjeink mind az\u00e9rt sz\u00fclettek, hogy k\u00eds\u00e9rtsenek \u2013 \u00e9s \u00faj szintre emelj\u00e9k az \u00e9jszak\u00e1t.\u00a0A b\u00e1rpultn\u00e1l foglalva helyet nem csak italt kapsz, hanem egy teljes \u00e9lm\u00e9nyt: a t\u00e1ncosok, [&hellip;]","og_url":"https:\/\/purple-crow-430701.hostingersite.com\/vibe-budapest-bar\/","og_site_name":"Vibe Budapest","article_publisher":"https:\/\/www.facebook.com\/budapest.vibe\/","article_modified_time":"2025-11-17T08:59:33+00:00","og_image":[{"width":1920,"height":1280,"url":"https:\/\/purple-crow-430701.hostingersite.com\/wp-content\/uploads\/2025\/09\/bar_hero.jpg","type":"image\/jpeg"}],"twitter_card":"summary_large_image","twitter_misc":{"Est. reading time":"2 minutes"},"schema":{"@context":"https:\/\/schema.org","@graph":[{"@type":"WebPage","@id":"https:\/\/purple-crow-430701.hostingersite.com\/vibe-budapest-bar\/","url":"https:\/\/purple-crow-430701.hostingersite.com\/vibe-budapest-bar\/","name":"B\u00e1r & Show &#187; Vibe Budapest","isPartOf":{"@id":"https:\/\/purple-crow-430701.hostingersite.com\/#website"},"primaryImageOfPage":{"@id":"https:\/\/purple-crow-430701.hostingersite.com\/vibe-budapest-bar\/#primaryimage"},"image":{"@id":"https:\/\/purple-crow-430701.hostingersite.com\/vibe-budapest-bar\/#primaryimage"},"thumbnailUrl":"https:\/\/vibe.smartbits.hu\/wp-content\/uploads\/2025\/09\/bar_hero.jpg","datePublished":"2025-09-19T13:18:58+00:00","dateModified":"2025-11-17T08:59:33+00:00","breadcrumb":{"@id":"https:\/\/purple-crow-430701.hostingersite.com\/vibe-budapest-bar\/#breadcrumb"},"inLanguage":"en-US","potentialAction":[{"@type":"ReadAction","target":["https:\/\/purple-crow-430701.hostingersite.com\/vibe-budapest-bar\/"]}]},{"@type":"ImageObject","inLanguage":"en-US","@id":"https:\/\/purple-crow-430701.hostingersite.com\/vibe-budapest-bar\/#primaryimage","url":"https:\/\/vibe.smartbits.hu\/wp-content\/uploads\/2025\/09\/bar_hero.jpg","contentUrl":"https:\/\/vibe.smartbits.hu\/wp-content\/uploads\/2025\/09\/bar_hero.jpg","width":1920,"height":1280},{"@type":"BreadcrumbList","@id":"https:\/\/purple-crow-430701.hostingersite.com\/vibe-budapest-bar\/#breadcrumb","itemListElement":[{"@type":"ListItem","position":1,"name":"Home","item":"https:\/\/vibe.smartbits.hu\/"},{"@type":"ListItem","position":2,"name":"B\u00e1r &#038; Show"}]},{"@type":"WebSite","@id":"https:\/\/purple-crow-430701.hostingersite.com\/#website","url":"https:\/\/purple-crow-430701.hostingersite.com\/","name":"VIBE Budapest - K\u00fcl\u00f6nleges \u00e9tterem a belv\u00e1rosban","description":"","publisher":{"@id":"https:\/\/purple-crow-430701.hostingersite.com\/#organization"},"alternateName":"VIBE Budapest","potentialAction":[{"@type":"SearchAction","target":{"@type":"EntryPoint","urlTemplate":"https:\/\/purple-crow-430701.hostingersite.com\/?s={search_term_string}"},"query-input":{"@type":"PropertyValueSpecification","valueRequired":true,"valueName":"search_term_string"}}],"inLanguage":"en-US"},{"@type":"Organization","@id":"https:\/\/purple-crow-430701.hostingersite.com\/#organization","name":"COSTES HUNGARY Kft.","alternateName":"Costes Group - VIBE Budapest","url":"https:\/\/purple-crow-430701.hostingersite.com\/","logo":{"@type":"ImageObject","inLanguage":"en-US","@id":"https:\/\/purple-crow-430701.hostingersite.com\/#\/schema\/logo\/image\/","url":"https:\/\/vibe.smartbits.hu\/wp-content\/uploads\/2025\/09\/cropped-464938995-869305201999959-127485990165575090-n.jpg","contentUrl":"https:\/\/vibe.smartbits.hu\/wp-content\/uploads\/2025\/09\/cropped-464938995-869305201999959-127485990165575090-n.jpg","width":512,"height":512,"caption":"COSTES HUNGARY Kft."},"image":{"@id":"https:\/\/purple-crow-430701.hostingersite.com\/#\/schema\/logo\/image\/"},"sameAs":["https:\/\/www.facebook.com\/budapest.vibe\/","https:\/\/www.instagram.com\/vibe.budapest\/","https:\/\/www.tiktok.com\/@vibebudapest","https:\/\/www.youtube.com\/@VibeBudapest","https:\/\/open.spotify.com\/playlist\/1JGI0CpY1SlP5xgJejmVPA?si=0464e4a509284a29&nd=1&dlsi=a5bedb7ab7c84ebd"],"email":"hello@vibe.smartbits.hu","telephone":"+36 20 984 8423","legalName":"COSTES HUNGARY Kft."}]}},"_links":{"self":[{"href":"https:\/\/vibe.smartbits.hu\/en\/wp-json\/wp\/v2\/pages\/788","targetHints":{"allow":["GET"]}}],"collection":[{"href":"https:\/\/vibe.smartbits.hu\/en\/wp-json\/wp\/v2\/pages"}],"about":[{"href":"https:\/\/vibe.smartbits.hu\/en\/wp-json\/wp\/v2\/types\/page"}],"author":[{"embeddable":true,"href":"https:\/\/vibe.smartbits.hu\/en\/wp-json\/wp\/v2\/users\/1"}],"replies":[{"embeddable":true,"href":"https:\/\/vibe.smartbits.hu\/en\/wp-json\/wp\/v2\/comments?post=788"}],"version-history":[{"count":34,"href":"https:\/\/vibe.smartbits.hu\/en\/wp-json\/wp\/v2\/pages\/788\/revisions"}],"predecessor-version":[{"id":1452,"href":"https:\/\/vibe.smartbits.hu\/en\/wp-json\/wp\/v2\/pages\/788\/revisions\/1452"}],"wp:featuredmedia":[{"embeddable":true,"href":"https:\/\/vibe.smartbits.hu\/en\/wp-json\/wp\/v2\/media\/947"}],"wp:attachment":[{"href":"https:\/\/vibe.smartbits.hu\/en\/wp-json\/wp\/v2\/media?parent=788"}],"curies":[{"name":"wp","href":"https:\/\/api.w.org\/{rel}","templated":true}]}}