{"id":503,"date":"2025-09-09T14:25:26","date_gmt":"2025-09-09T14:25:26","guid":{"rendered":"https:\/\/purple-crow-430701.hostingersite.com\/?page_id=503"},"modified":"2025-09-29T08:37:04","modified_gmt":"2025-09-29T08:37:04","slug":"kapcsolat","status":"publish","type":"page","link":"https:\/\/vibe.smartbits.hu\/en\/kapcsolat\/","title":{"rendered":"Contact"},"content":{"rendered":"<div data-elementor-type=\"wp-page\" data-elementor-id=\"503\" class=\"elementor elementor-503\" data-elementor-post-type=\"page\">\n\t\t\t\t<div class=\"elementor-element elementor-element-80f03fc e-con-full e-flex e-con e-parent\" data-id=\"80f03fc\" data-element_type=\"container\">\n\t\t\t\t<div class=\"elementor-element elementor-element-7e0e86f elementor-widget elementor-widget-ucaddon_vibe_contact\" data-id=\"7e0e86f\" data-element_type=\"widget\" data-widget_type=\"ucaddon_vibe_contact.default\">\n\t\t\t\t<div class=\"elementor-widget-container\">\n\t\t\t\t\t\n<!-- start Vibe contact -->\n<style>\/* widget: Vibe contact *\/\n\n#uc_vibe_contact_elementor_7e0e86f{\n  \tpadding: 50px 20px;\n  \tdisplay: flex;\n  \tbackground-image: url('https:\/\/vibe.smartbits.hu\/wp-content\/uploads\/2025\/09\/858A36401-e1756915410376.png');\n  \tposition: relative;    \n  \tbackground-position: center;\n    background-size: cover;\n}\n#uc_vibe_contact_elementor_7e0e86f:before{\n\tcontent: \"\";\n    background: var(--purple-light);\n    height: 10px;\n    left: 50%;\n    transform: translate(-50%);\n    top: -5px;\n    width: 100px;\n    position: absolute;\n}\n.contact-widget{\n\tmax-width: 800px;\n  \tmargin: 0 auto;\n    display: grid;\n    grid-template-columns: 1fr 1fr;\n    align-items: center;\n  .content{\n\tbackground: var(--purple-overlay);\n    color: white;\n    margin: 30px 0;\n    \/*margin: 0px 0px 30px -60px;*\/\n    padding: 10px 40px;\n    padding-bottom: 30px;\n    z-index: 10;\n    position: relative;\n    h2{\n      position: relative;\n      top: -30px;\n      padding: 0px;\n      margin: 0 -30px;\n      margin-bottom: 0px;\n      margin-bottom: -40px;\n    }\n    p a{\n    \tcolor: inherit !important;\n    }\n    .vibe-button-text{\n      position: absolute;\n      bottom: -20px;\n      right: 50%;\n      transform: translate(50%);\n      text-wrap: nowrap;\n    }\n  }\n  .image-container{\n  \tposition: relative;\n    z-index: 10;\n    height: 100%;\n    img{\t\n    \theight: 100%;\n  \t\tobject-fit: cover;\n    }\n  }\n  .corner{\n  \tposition: absolute;\n    width: 60px;\n    aspect-ratio: 1;\n    z-index: -1;\n  }\n  .top-left{\n  \ttop: -7px;\n    right: -7px;\n    background: #b10161;\n  }\n}\n@media (max-width: 900px){\n\n    .contact-widget{\n\t\tgrid-template-columns: 1fr;\n        .content{\n          padding: 20px;\n          margin-top: 0px;\n        }\n        h2{\n          position: unset !important;\n          padding: 0px;\n          margin: 0px !important;\n        }\n        .image-container{\n          order: -1;\n        }\n    }\n  \n}\n\n<\/style>\n\n<div id=\"uc_vibe_contact_elementor_7e0e86f\">\n  <div class=\"contact-widget\">\n\n\n    <div class=\"content\">\n      <h2 class=\"vibe-title\">TASTE THE TEMPTATION!<\/h2>\n      <p class=\"vibe-text\">\n                 <p>Wednesday: 6:00 PM - 12:00 AM<br \/>\nThursday: 6:00 PM - 12:00 AM<br \/>\nFriday: 6:00 PM - 2:00 AM<br \/>\nSaturday: 6:00 PM - 2:00 AM<\/p>\n<p>VIBE Budapest<br \/>\n1051 Budapest, Sz\u00e9chenyi square 7-8.<br \/>\n<a href=\"mailto:hello@vibe.smartbits.hu\">hello@vibe.smartbits.hu<\/a><\/p>\n\n              <\/p>\n      <a href=\"https:\/\/www.sevenrooms.com\/experiences\/vibebudapest?_gl=1*htjofb*_gcl_au*Mzk5NjI0NjY2LjE3NTU4NDg1NzI.\" class=\"vibe-button-text vibe-btn btn-glow\" target=\"_blank\">BOOK NOW!<\/a>\n      \n\t<svg class=\"vibe-arrow vibe-arrow-left vibe-arrow-big vibe-arrow-custom-contact\" fill=\"none\" height=\"171\" viewbox=\"0 0 183 171\" width=\"183\" xmlns=\"http:\/\/www.w3.org\/2000\/svg\" xmlns:xlink=\"http:\/\/www.w3.org\/1999\/xlink\"><mask id=\"a\" height=\"171\" maskunits=\"userSpaceOnUse\" width=\"183\" x=\"0\" y=\"0\"><path d=\"m182.02 0h-182.02v170.94h182.02z\" fill=\"#fff\"\/><\/mask><g mask=\"url(#a)\"><path d=\"m176.97 94.5103c-5.35 3.71-12.73 2.4199-16.48-2.8701l-51.86-73.2299c-3.75-5.29-2.45-12.58005 2.9-16.29005 5.35-3.7 12.73-2.420007 16.47 2.86999l51.86 73.23006c3.75 5.29 2.45 12.58-2.9 16.29\"\/><path d=\"m176.97 76.4406c-5.35-3.7-12.73-2.42-16.48 2.87l-51.86 73.2304c-3.75 5.29-2.45 12.58 2.9 16.29 5.35 3.7 12.73 2.42 16.47-2.87l51.86-73.2305c3.75-5.29 2.45-12.5799-2.9-16.2899\"\/><path d=\"m123.72 94.5103c-5.35 3.71-12.73 2.4199-16.47-2.8701l-51.86-73.2299c-3.75-5.29-2.45-12.58005 2.9-16.29005 5.35-3.7 12.73-2.420007 16.47 2.86999l51.86 73.23006c3.75 5.29 2.45 12.58-2.91 16.29\"\/><path d=\"m123.72 76.4406c-5.35-3.7-12.73-2.42-16.47 2.87l-51.86 73.2304c-3.75 5.29-2.45 12.58 2.9 16.29 5.35 3.7 12.73 2.42 16.47-2.87l51.86-73.2305c3.75-5.29 2.45-12.5799-2.91-16.2899\"\/><path d=\"m70.48 94.5103c-5.35 3.71-12.73 2.4199-16.47-2.8701l-51.86002-73.2299c-3.75-5.29-2.449987-12.58005 2.90001-16.29005 5.35001-3.7 12.73001-2.420007 16.47001 2.86999l51.86 73.23006c3.75 5.29 2.45 12.58-2.9 16.29z\"\/><path d=\"m70.48 76.4406c-5.35-3.7-12.73-2.42-16.47 2.87l-51.86002 73.2304c-3.75 5.29-2.449987 12.58 2.90001 16.29 5.35001 3.7 12.73001 2.42 16.47001-2.87l51.86-73.2305c3.75-5.29 2.45-12.5799-2.9-16.2899z\"\/><\/g><\/svg>\n    <\/div>\n    <div class=\"image-container\">\n            <iframe src=\"https:\/\/www.google.com\/maps\/embed?pb=!1m18!1m12!1m3!1d1680.0449246837998!2d19.046901429699922!3d47.50065116026106!2m3!1f0!2f0!3f0!3m2!1i1024!2i768!4f13.1!3m3!1m2!1s0x4741dd23ac7be66b%3A0xbbce46116036afa0!2sVIBE%20Budapest!5e0!3m2!1sen!2shu!4v1758289712834!5m2!1sen!2shu\" width=\"600\" height=\"350\" style=\"border:0;\" allowfullscreen=\"\" loading=\"lazy\" referrerpolicy=\"no-referrer-when-downgrade\"><\/iframe>\n            <div class=\"corner top-left\"><\/div>\n      <div class=\"corner bottom-right\"><\/div>\n    <\/div>\n    \n  <\/div>\n<\/div>\n<!-- end Vibe contact -->\t\t\t\t<\/div>\n\t\t\t\t<\/div>\n\t\t\t\t<\/div>\n\t\t\t\t<\/div>","protected":false},"excerpt":{"rendered":"<p>Kontakt\u00e1ljon vel\u00fcnk! ASZTALFOGLAL\u00c1S: +36 20 984 8423 HELLO@VIBE-BUDAPEST.COM Szerda: 18:00-0:00 Cs\u00fct\u00f6rt\u00f6k: 18:00-0:00 P\u00e9ntek: 18:00-2:00 Szombat: 18:00-2:00 VIBE Budapest 1051 Budapest, Sz\u00e9chenyi t\u00e9r 7-8. hello@vibebudapest.com FOGLALJ MOST!<\/p>","protected":false},"author":1,"featured_media":0,"parent":0,"menu_order":0,"comment_status":"closed","ping_status":"closed","template":"","meta":{"footnotes":""},"class_list":["post-503","page","type-page","status-publish","hentry"],"yoast_head":"<!-- This site is optimized with the Yoast SEO Premium plugin v26.2 (Yoast SEO v26.3) - https:\/\/yoast.com\/wordpress\/plugins\/seo\/ -->\n<title>Kapcsolat &#187; Vibe Budapest<\/title>\n<meta name=\"robots\" content=\"index, follow, max-snippet:-1, max-image-preview:large, max-video-preview:-1\" \/>\n<link rel=\"canonical\" href=\"https:\/\/purple-crow-430701.hostingersite.com\/kapcsolat\/\" \/>\n<meta property=\"og:locale\" content=\"en_US\" \/>\n<meta property=\"og:type\" content=\"article\" \/>\n<meta property=\"og:title\" content=\"Kapcsolat\" \/>\n<meta property=\"og:description\" content=\"Kontakt\u00e1ljon vel\u00fcnk! ASZTALFOGLAL\u00c1S: +36 20 984 8423 HELLO@VIBE-BUDAPEST.COM Szerda: 18:00-0:00 Cs\u00fct\u00f6rt\u00f6k: 18:00-0:00 P\u00e9ntek: 18:00-2:00 Szombat: 18:00-2:00 VIBE Budapest 1051 Budapest, Sz\u00e9chenyi t\u00e9r 7-8. hello@vibebudapest.com FOGLALJ MOST!\" \/>\n<meta property=\"og:url\" content=\"https:\/\/purple-crow-430701.hostingersite.com\/kapcsolat\/\" \/>\n<meta property=\"og:site_name\" content=\"Vibe Budapest\" \/>\n<meta property=\"article:publisher\" content=\"https:\/\/www.facebook.com\/budapest.vibe\/\" \/>\n<meta property=\"article:modified_time\" content=\"2025-09-29T08:37:04+00:00\" \/>\n<meta property=\"og:image\" content=\"https:\/\/vibe.smartbits.hu\/wp-content\/uploads\/2025\/09\/230108.jpg\" \/>\n\t<meta property=\"og:image:width\" content=\"1920\" \/>\n\t<meta property=\"og:image:height\" content=\"1277\" \/>\n\t<meta property=\"og:image:type\" content=\"image\/jpeg\" \/>\n<meta name=\"twitter:card\" content=\"summary_large_image\" \/>\n<script type=\"application\/ld+json\" class=\"yoast-schema-graph\">{\"@context\":\"https:\/\/schema.org\",\"@graph\":[{\"@type\":\"WebPage\",\"@id\":\"https:\/\/purple-crow-430701.hostingersite.com\/kapcsolat\/\",\"url\":\"https:\/\/purple-crow-430701.hostingersite.com\/kapcsolat\/\",\"name\":\"Kapcsolat &#187; Vibe Budapest\",\"isPartOf\":{\"@id\":\"https:\/\/purple-crow-430701.hostingersite.com\/#website\"},\"datePublished\":\"2025-09-09T14:25:26+00:00\",\"dateModified\":\"2025-09-29T08:37:04+00:00\",\"breadcrumb\":{\"@id\":\"https:\/\/purple-crow-430701.hostingersite.com\/kapcsolat\/#breadcrumb\"},\"inLanguage\":\"en-US\",\"potentialAction\":[{\"@type\":\"ReadAction\",\"target\":[\"https:\/\/purple-crow-430701.hostingersite.com\/kapcsolat\/\"]}]},{\"@type\":\"BreadcrumbList\",\"@id\":\"https:\/\/purple-crow-430701.hostingersite.com\/kapcsolat\/#breadcrumb\",\"itemListElement\":[{\"@type\":\"ListItem\",\"position\":1,\"name\":\"Home\",\"item\":\"https:\/\/vibe.smartbits.hu\/\"},{\"@type\":\"ListItem\",\"position\":2,\"name\":\"Kapcsolat\"}]},{\"@type\":\"WebSite\",\"@id\":\"https:\/\/purple-crow-430701.hostingersite.com\/#website\",\"url\":\"https:\/\/purple-crow-430701.hostingersite.com\/\",\"name\":\"VIBE Budapest - K\u00fcl\u00f6nleges \u00e9tterem a belv\u00e1rosban\",\"description\":\"\",\"publisher\":{\"@id\":\"https:\/\/purple-crow-430701.hostingersite.com\/#organization\"},\"alternateName\":\"VIBE Budapest\",\"potentialAction\":[{\"@type\":\"SearchAction\",\"target\":{\"@type\":\"EntryPoint\",\"urlTemplate\":\"https:\/\/purple-crow-430701.hostingersite.com\/?s={search_term_string}\"},\"query-input\":{\"@type\":\"PropertyValueSpecification\",\"valueRequired\":true,\"valueName\":\"search_term_string\"}}],\"inLanguage\":\"en-US\"},{\"@type\":\"Organization\",\"@id\":\"https:\/\/purple-crow-430701.hostingersite.com\/#organization\",\"name\":\"COSTES HUNGARY Kft.\",\"alternateName\":\"Costes Group - VIBE Budapest\",\"url\":\"https:\/\/purple-crow-430701.hostingersite.com\/\",\"logo\":{\"@type\":\"ImageObject\",\"inLanguage\":\"en-US\",\"@id\":\"https:\/\/purple-crow-430701.hostingersite.com\/#\/schema\/logo\/image\/\",\"url\":\"https:\/\/vibe.smartbits.hu\/wp-content\/uploads\/2025\/09\/cropped-464938995-869305201999959-127485990165575090-n.jpg\",\"contentUrl\":\"https:\/\/vibe.smartbits.hu\/wp-content\/uploads\/2025\/09\/cropped-464938995-869305201999959-127485990165575090-n.jpg\",\"width\":512,\"height\":512,\"caption\":\"COSTES HUNGARY Kft.\"},\"image\":{\"@id\":\"https:\/\/purple-crow-430701.hostingersite.com\/#\/schema\/logo\/image\/\"},\"sameAs\":[\"https:\/\/www.facebook.com\/budapest.vibe\/\",\"https:\/\/www.instagram.com\/vibe.budapest\/\",\"https:\/\/www.tiktok.com\/@vibebudapest\",\"https:\/\/www.youtube.com\/@VibeBudapest\",\"https:\/\/open.spotify.com\/playlist\/1JGI0CpY1SlP5xgJejmVPA?si=0464e4a509284a29&nd=1&dlsi=a5bedb7ab7c84ebd\"],\"email\":\"hello@vibe.smartbits.hu\",\"telephone\":\"+36 20 984 8423\",\"legalName\":\"COSTES HUNGARY Kft.\"}]}<\/script>\n<!-- \/ Yoast SEO Premium plugin. -->","yoast_head_json":{"title":"Kapcsolat &#187; Vibe Budapest","robots":{"index":"index","follow":"follow","max-snippet":"max-snippet:-1","max-image-preview":"max-image-preview:large","max-video-preview":"max-video-preview:-1"},"canonical":"https:\/\/purple-crow-430701.hostingersite.com\/kapcsolat\/","og_locale":"en_US","og_type":"article","og_title":"Kapcsolat","og_description":"Kontakt\u00e1ljon vel\u00fcnk! ASZTALFOGLAL\u00c1S: +36 20 984 8423 HELLO@VIBE-BUDAPEST.COM Szerda: 18:00-0:00 Cs\u00fct\u00f6rt\u00f6k: 18:00-0:00 P\u00e9ntek: 18:00-2:00 Szombat: 18:00-2:00 VIBE Budapest 1051 Budapest, Sz\u00e9chenyi t\u00e9r 7-8. hello@vibebudapest.com FOGLALJ MOST!","og_url":"https:\/\/purple-crow-430701.hostingersite.com\/kapcsolat\/","og_site_name":"Vibe Budapest","article_publisher":"https:\/\/www.facebook.com\/budapest.vibe\/","article_modified_time":"2025-09-29T08:37:04+00:00","og_image":[{"width":1920,"height":1277,"url":"https:\/\/vibe.smartbits.hu\/wp-content\/uploads\/2025\/09\/230108.jpg","type":"image\/jpeg"}],"twitter_card":"summary_large_image","schema":{"@context":"https:\/\/schema.org","@graph":[{"@type":"WebPage","@id":"https:\/\/purple-crow-430701.hostingersite.com\/kapcsolat\/","url":"https:\/\/purple-crow-430701.hostingersite.com\/kapcsolat\/","name":"Kapcsolat &#187; Vibe Budapest","isPartOf":{"@id":"https:\/\/purple-crow-430701.hostingersite.com\/#website"},"datePublished":"2025-09-09T14:25:26+00:00","dateModified":"2025-09-29T08:37:04+00:00","breadcrumb":{"@id":"https:\/\/purple-crow-430701.hostingersite.com\/kapcsolat\/#breadcrumb"},"inLanguage":"en-US","potentialAction":[{"@type":"ReadAction","target":["https:\/\/purple-crow-430701.hostingersite.com\/kapcsolat\/"]}]},{"@type":"BreadcrumbList","@id":"https:\/\/purple-crow-430701.hostingersite.com\/kapcsolat\/#breadcrumb","itemListElement":[{"@type":"ListItem","position":1,"name":"Home","item":"https:\/\/vibe.smartbits.hu\/"},{"@type":"ListItem","position":2,"name":"Kapcsolat"}]},{"@type":"WebSite","@id":"https:\/\/purple-crow-430701.hostingersite.com\/#website","url":"https:\/\/purple-crow-430701.hostingersite.com\/","name":"VIBE Budapest - K\u00fcl\u00f6nleges \u00e9tterem a belv\u00e1rosban","description":"","publisher":{"@id":"https:\/\/purple-crow-430701.hostingersite.com\/#organization"},"alternateName":"VIBE Budapest","potentialAction":[{"@type":"SearchAction","target":{"@type":"EntryPoint","urlTemplate":"https:\/\/purple-crow-430701.hostingersite.com\/?s={search_term_string}"},"query-input":{"@type":"PropertyValueSpecification","valueRequired":true,"valueName":"search_term_string"}}],"inLanguage":"en-US"},{"@type":"Organization","@id":"https:\/\/purple-crow-430701.hostingersite.com\/#organization","name":"COSTES HUNGARY Kft.","alternateName":"Costes Group - VIBE Budapest","url":"https:\/\/purple-crow-430701.hostingersite.com\/","logo":{"@type":"ImageObject","inLanguage":"en-US","@id":"https:\/\/purple-crow-430701.hostingersite.com\/#\/schema\/logo\/image\/","url":"https:\/\/vibe.smartbits.hu\/wp-content\/uploads\/2025\/09\/cropped-464938995-869305201999959-127485990165575090-n.jpg","contentUrl":"https:\/\/vibe.smartbits.hu\/wp-content\/uploads\/2025\/09\/cropped-464938995-869305201999959-127485990165575090-n.jpg","width":512,"height":512,"caption":"COSTES HUNGARY Kft."},"image":{"@id":"https:\/\/purple-crow-430701.hostingersite.com\/#\/schema\/logo\/image\/"},"sameAs":["https:\/\/www.facebook.com\/budapest.vibe\/","https:\/\/www.instagram.com\/vibe.budapest\/","https:\/\/www.tiktok.com\/@vibebudapest","https:\/\/www.youtube.com\/@VibeBudapest","https:\/\/open.spotify.com\/playlist\/1JGI0CpY1SlP5xgJejmVPA?si=0464e4a509284a29&nd=1&dlsi=a5bedb7ab7c84ebd"],"email":"hello@vibe.smartbits.hu","telephone":"+36 20 984 8423","legalName":"COSTES HUNGARY Kft."}]}},"_links":{"self":[{"href":"https:\/\/vibe.smartbits.hu\/en\/wp-json\/wp\/v2\/pages\/503","targetHints":{"allow":["GET"]}}],"collection":[{"href":"https:\/\/vibe.smartbits.hu\/en\/wp-json\/wp\/v2\/pages"}],"about":[{"href":"https:\/\/vibe.smartbits.hu\/en\/wp-json\/wp\/v2\/types\/page"}],"author":[{"embeddable":true,"href":"https:\/\/vibe.smartbits.hu\/en\/wp-json\/wp\/v2\/users\/1"}],"replies":[{"embeddable":true,"href":"https:\/\/vibe.smartbits.hu\/en\/wp-json\/wp\/v2\/comments?post=503"}],"version-history":[{"count":7,"href":"https:\/\/vibe.smartbits.hu\/en\/wp-json\/wp\/v2\/pages\/503\/revisions"}],"predecessor-version":[{"id":821,"href":"https:\/\/vibe.smartbits.hu\/en\/wp-json\/wp\/v2\/pages\/503\/revisions\/821"}],"wp:attachment":[{"href":"https:\/\/vibe.smartbits.hu\/en\/wp-json\/wp\/v2\/media?parent=503"}],"curies":[{"name":"wp","href":"https:\/\/api.w.org\/{rel}","templated":true}]}}