{"id":273,"date":"2025-09-04T13:29:27","date_gmt":"2025-09-04T13:29:27","guid":{"rendered":"https:\/\/purple-crow-430701.hostingersite.com\/?page_id=273"},"modified":"2025-09-29T14:30:34","modified_gmt":"2025-09-29T14:30:34","slug":"menu","status":"publish","type":"page","link":"https:\/\/vibe.smartbits.hu\/en\/menu\/","title":{"rendered":"Menu"},"content":{"rendered":"<div data-elementor-type=\"wp-page\" data-elementor-id=\"273\" class=\"elementor elementor-273\" data-elementor-post-type=\"page\">\n\t\t\t\t<div class=\"elementor-element elementor-element-2cd6dbd e-grid e-con-boxed e-con e-parent\" data-id=\"2cd6dbd\" data-element_type=\"container\">\n\t\t\t\t\t<div class=\"e-con-inner\">\n\t\t\t\t<div class=\"elementor-element elementor-element-c8ad383 elementor-widget elementor-widget-ucaddon_vibe_card\" data-id=\"c8ad383\" data-element_type=\"widget\" data-widget_type=\"ucaddon_vibe_card.default\">\n\t\t\t\t<div class=\"elementor-widget-container\">\n\t\t\t\t\t\n<!-- start Vibe Card -->\n\n<div class=\"vibe-card\">\n\t<h2 class=\"vibe-title\">FOOD<hr><\/h2>\n  \t<h3 class=\"vibe-text vibe-date\">\n        \t<\/h3>\n  \t<div class=\"content\">\n      <img decoding=\"async\" src=\"https:\/\/vibe.smartbits.hu\/wp-content\/uploads\/2025\/09\/858A33972.jpg\" alt=\"858A33972\">\n      <p class=\"vibe-text\">\n        The world\u2019s most beloved dishes. Premium ingredients, bold flavors, and spectacular presentation.\n      <\/p>\n  \t<a href=\"https:\/\/vibe.smartbits.hu\/en\/vibe-budapest-etlap\/\" class=\"vibe-button-text vibe-btn btn-glow\">more details<\/a>\n  \t<\/div>\n<\/div>\n<!-- end Vibe Card -->\t\t\t\t<\/div>\n\t\t\t\t<\/div>\n\t\t\t\t<div class=\"elementor-element elementor-element-6637474 elementor-widget elementor-widget-ucaddon_vibe_card\" data-id=\"6637474\" data-element_type=\"widget\" data-widget_type=\"ucaddon_vibe_card.default\">\n\t\t\t\t<div class=\"elementor-widget-container\">\n\t\t\t\t\t\n<!-- start Vibe Card -->\n\n<div class=\"vibe-card\">\n\t<h2 class=\"vibe-title\">COCKTAILS<hr><\/h2>\n  \t<h3 class=\"vibe-text vibe-date\">\n        \t<\/h3>\n  \t<div class=\"content\">\n      <img decoding=\"async\" src=\"https:\/\/vibe.smartbits.hu\/wp-content\/uploads\/2025\/09\/ZULS5168.jpg\" alt=\"ZULS5168\">\n      <p class=\"vibe-text\">\n        Signature cocktails, secret recipes, and an extensive selection of ultra-premium whiskies and tequilas.\n      <\/p>\n  \t<a href=\"https:\/\/vibe.smartbits.hu\/en\/vibe-budapest-koktelok\/\" class=\"vibe-button-text vibe-btn btn-glow\">more details<\/a>\n  \t<\/div>\n<\/div>\n<!-- end Vibe Card -->\t\t\t\t<\/div>\n\t\t\t\t<\/div>\n\t\t\t\t<div class=\"elementor-element elementor-element-52556a4 elementor-widget elementor-widget-ucaddon_vibe_card\" data-id=\"52556a4\" data-element_type=\"widget\" data-widget_type=\"ucaddon_vibe_card.default\">\n\t\t\t\t<div class=\"elementor-widget-container\">\n\t\t\t\t\t\n<!-- start Vibe Card -->\n\n<div class=\"vibe-card\">\n\t<h2 class=\"vibe-title\">WINE<hr><\/h2>\n  \t<h3 class=\"vibe-text vibe-date\">\n        \t<\/h3>\n  \t<div class=\"content\">\n      <img decoding=\"async\" src=\"https:\/\/vibe.smartbits.hu\/wp-content\/uploads\/2025\/09\/004_costesvibe_gergelykaszas.jpg\" alt=\"004_costesvibe_gergelykaszas\">\n      <p class=\"vibe-text\">\n        Our wine list takes you to the world\u2019s finest vineyards \u2014 a true journey.\n      <\/p>\n  \t<a href=\"https:\/\/vibe.smartbits.hu\/en\/vibe-budapest-bor\/\" class=\"vibe-button-text vibe-btn btn-glow\">more details<\/a>\n  \t<\/div>\n<\/div>\n<!-- end Vibe Card -->\t\t\t\t<\/div>\n\t\t\t\t<\/div>\n\t\t\t\t\t<\/div>\n\t\t\t\t<\/div>\n\t\t<div class=\"elementor-element elementor-element-9bc5896 e-con-full e-flex e-con e-parent\" data-id=\"9bc5896\" data-element_type=\"container\">\n\t\t\t\t<div class=\"elementor-element elementor-element-bd29dfa elementor-widget elementor-widget-ucaddon_vibe_table_reservation\" data-id=\"bd29dfa\" data-element_type=\"widget\" data-widget_type=\"ucaddon_vibe_table_reservation.default\">\n\t\t\t\t<div class=\"elementor-widget-container\">\n\t\t\t\t\t\n<!-- start Vibe Table reservation -->\n<style>\/* widget: Vibe Table reservation *\/\n\n.reservation-widget-container{\n  \tpadding: 40px 20px;\n  \tdisplay: flex;\n  \tbackground: var(--purple-bg-dark);\n  \tposition: relative;\n  \toverflow: hidden;\n  \twidth: 100%;\n}\n.reservation-widget-main-container{\n  \tdisplay: flex;\n  \tposition: relative;\n}\n.reservation-widget-main-container:before, .reservation-widget-main-container:after{\n\tcontent: \"\";\n    background: var(--purple-light);\n    height: 10px;\n    left: 50%;\n    transform: translate(-50%);\n    top: -5px;\n    width: 100px;\n    position: absolute;\n  \tz-index: 1;\n}\n.reservation-widget-main-container:after{\n\tbottom: -5px;\n  \ttop: unset;\n}\n.reservation-widget{\n\tmax-width: 800px;\n  \tmargin: 0 auto;\n    display: grid;\n    grid-template-columns: 2fr 3fr;\n    align-items: end;\n  .content{\n    .vibe-arrow{\n    \tz-index: -1;\n    }\n\tbackground: var(--purple-overlay);\n    color: white;\n    margin: 0px 0px 30px -60px;\n    padding: 60px;\n    z-index: 11;\n    position: relative;\n    h2{\n      position: absolute;\n      top: -30px;\n      left: 0;\n      font-size: 28px;\n    }\n    p{\n    \ttext-align: center;\n    }\n    a{\n      position: absolute;\n      bottom: -20px;\n      right: 20px;\n    }\n  }\n  .image-container{\n  \tposition: relative;\n    z-index: 10;\n    display: flex;\n    img{\n    \twidth: 100%;\n        max-height: 320px;\n        object-fit: cover;\n      \taspect-ratio: 1;\n    }\n  }\n  .corner{\n  \tposition: absolute;\n    width: 60px;\n    aspect-ratio: 1;\n    z-index: -1;\n  }\n  .top-left{\n  \ttop: -7px;\n    left: -7px;\n    background: #b10161;\n  }\n\n}\n@media (max-width: 900px){\n  .reservation-widget{\n  \tgrid-template-columns: 1fr;\n    .content{\n    \tmargin: 0;\n      \tpadding: 20px;\n      h2{\n        margin-bottom: -15px;\n      \tmargin-top: 20px;\n        position: relative;\n      }\n      a{\n      \tright: 50%;\n     \ttransform: translate(50%);\n      }\n    }\n  }\n}\n\n<\/style>\n\n<div class=\"reservation-widget-main-container\">\n  <div class=\"reservation-widget-container\">\n    <div class=\"reservation-widget\">\n      <div class=\"image-container\">\n        <img decoding=\"async\" src=\"\/wp-content\/uploads\/2025\/09\/fooldal_bookingbox-1024x682.jpg\" alt=\"\">\n        <div class=\"corner top-left\"><\/div>\n        <div class=\"corner bottom-right\"><\/div>\n      <\/div>\n      <div class=\"content\">\n        <h2 class=\"vibe-title\">Dinner is only the beginning.<\/h2>\n        <p class=\"vibe-text\">\nA night you\u2019ll never forget \u2013 or never speak of.        <\/p>\n        \n\t<svg class=\"vibe-arrow vibe-arrow-right vibe-arrow-big vibe-arrow-custom-\" fill=\"none\" height=\"171\" viewbox=\"0 0 183 171\" width=\"183\" xmlns=\"http:\/\/www.w3.org\/2000\/svg\" xmlns:xlink=\"http:\/\/www.w3.org\/1999\/xlink\"><mask id=\"a\" height=\"171\" maskunits=\"userSpaceOnUse\" width=\"183\" x=\"0\" y=\"0\"><path d=\"m182.02 0h-182.02v170.94h182.02z\" fill=\"#fff\"\/><\/mask><g mask=\"url(#a)\"><path d=\"m176.97 94.5103c-5.35 3.71-12.73 2.4199-16.48-2.8701l-51.86-73.2299c-3.75-5.29-2.45-12.58005 2.9-16.29005 5.35-3.7 12.73-2.420007 16.47 2.86999l51.86 73.23006c3.75 5.29 2.45 12.58-2.9 16.29\"\/><path d=\"m176.97 76.4406c-5.35-3.7-12.73-2.42-16.48 2.87l-51.86 73.2304c-3.75 5.29-2.45 12.58 2.9 16.29 5.35 3.7 12.73 2.42 16.47-2.87l51.86-73.2305c3.75-5.29 2.45-12.5799-2.9-16.2899\"\/><path d=\"m123.72 94.5103c-5.35 3.71-12.73 2.4199-16.47-2.8701l-51.86-73.2299c-3.75-5.29-2.45-12.58005 2.9-16.29005 5.35-3.7 12.73-2.420007 16.47 2.86999l51.86 73.23006c3.75 5.29 2.45 12.58-2.91 16.29\"\/><path d=\"m123.72 76.4406c-5.35-3.7-12.73-2.42-16.47 2.87l-51.86 73.2304c-3.75 5.29-2.45 12.58 2.9 16.29 5.35 3.7 12.73 2.42 16.47-2.87l51.86-73.2305c3.75-5.29 2.45-12.5799-2.91-16.2899\"\/><path d=\"m70.48 94.5103c-5.35 3.71-12.73 2.4199-16.47-2.8701l-51.86002-73.2299c-3.75-5.29-2.449987-12.58005 2.90001-16.29005 5.35001-3.7 12.73001-2.420007 16.47001 2.86999l51.86 73.23006c3.75 5.29 2.45 12.58-2.9 16.29z\"\/><path d=\"m70.48 76.4406c-5.35-3.7-12.73-2.42-16.47 2.87l-51.86002 73.2304c-3.75 5.29-2.449987 12.58 2.90001 16.29 5.35001 3.7 12.73001 2.42 16.47001-2.87l51.86-73.2305c3.75-5.29 2.45-12.5799-2.9-16.2899z\"\/><\/g><\/svg>\n        <a href=\"https:\/\/www.sevenrooms.com\/experiences\/vibebudapest?_gl=1*htjofb*_gcl_au*Mzk5NjI0NjY2LjE3NTU4NDg1NzI.\" class=\"vibe-button-text vibe-btn btn-glow\" target=\"_blank\">BOOK NOW!<\/a>\n      <\/div>\n\n    <\/div>\n  <\/div>\n<\/div>\n<!-- end Vibe Table reservation -->\t\t\t\t<\/div>\n\t\t\t\t<\/div>\n\t\t\t\t<\/div>\n\t\t\t\t<\/div>","protected":false},"excerpt":{"rendered":"<p>\u00e9tlap A vil\u00e1g legkedveltebb \u00e9teleit. Pr\u00e9mium alapanyagok, mer\u00e9sz \u00edzek \u00e9s l\u00e1tv\u00e1nyos t\u00e1lal\u00e1s. B\u0150VEBBEN kokt\u00e9lok Signature kokt\u00e9lok, titkos recept\u00far\u00e1k, \u00f3ri\u00e1si ultra-pr\u00e9mium whisky \u00e9s tequila v\u00e1laszt\u00e9k. B\u0150VEBBEN borlap Borlapunk a vil\u00e1g legszebb d\u0171l\u0151ire visz, igazi utaz\u00e1s. B\u0150VEBBEN N\u00e1lunk a vacsora csak a kezdet. Minden asztal \u00faj sztori, minden este egy titok, amit vagy megosztasz\u2026 vagy megtartasz magadnak. [&hellip;]<\/p>","protected":false},"author":1,"featured_media":0,"parent":0,"menu_order":0,"comment_status":"closed","ping_status":"closed","template":"","meta":{"footnotes":""},"class_list":["post-273","page","type-page","status-publish","hentry"],"yoast_head":"<!-- This site is optimized with the Yoast SEO Premium plugin v26.2 (Yoast SEO v26.3) - https:\/\/yoast.com\/wordpress\/plugins\/seo\/ -->\n<title>Men\u00fc &#187; Vibe Budapest<\/title>\n<meta name=\"robots\" content=\"index, follow, max-snippet:-1, max-image-preview:large, max-video-preview:-1\" \/>\n<link rel=\"canonical\" href=\"https:\/\/purple-crow-430701.hostingersite.com\/menu\/\" \/>\n<meta property=\"og:locale\" content=\"en_US\" \/>\n<meta property=\"og:type\" content=\"article\" \/>\n<meta property=\"og:title\" content=\"Men\u00fc\" \/>\n<meta property=\"og:description\" content=\"\u00e9tlap A vil\u00e1g legkedveltebb \u00e9teleit. Pr\u00e9mium alapanyagok, mer\u00e9sz \u00edzek \u00e9s l\u00e1tv\u00e1nyos t\u00e1lal\u00e1s. B\u0150VEBBEN kokt\u00e9lok Signature kokt\u00e9lok, titkos recept\u00far\u00e1k, \u00f3ri\u00e1si ultra-pr\u00e9mium whisky \u00e9s tequila v\u00e1laszt\u00e9k. B\u0150VEBBEN borlap Borlapunk a vil\u00e1g legszebb d\u0171l\u0151ire visz, igazi utaz\u00e1s. B\u0150VEBBEN N\u00e1lunk a vacsora csak a kezdet. Minden asztal \u00faj sztori, minden este egy titok, amit vagy megosztasz\u2026 vagy megtartasz magadnak. [&hellip;]\" \/>\n<meta property=\"og:url\" content=\"https:\/\/purple-crow-430701.hostingersite.com\/menu\/\" \/>\n<meta property=\"og:site_name\" content=\"Vibe Budapest\" \/>\n<meta property=\"article:publisher\" content=\"https:\/\/www.facebook.com\/budapest.vibe\/\" \/>\n<meta property=\"article:modified_time\" content=\"2025-09-29T14:30:34+00:00\" \/>\n<meta property=\"og:image\" content=\"https:\/\/purple-crow-430701.hostingersite.com\/wp-content\/uploads\/2025\/09\/858A33972.jpg\" \/>\n<meta name=\"twitter:card\" content=\"summary_large_image\" \/>\n<meta name=\"twitter:label1\" content=\"Est. reading time\" \/>\n\t<meta name=\"twitter:data1\" content=\"2 minutes\" \/>\n<script type=\"application\/ld+json\" class=\"yoast-schema-graph\">{\"@context\":\"https:\/\/schema.org\",\"@graph\":[{\"@type\":\"WebPage\",\"@id\":\"https:\/\/purple-crow-430701.hostingersite.com\/menu\/\",\"url\":\"https:\/\/purple-crow-430701.hostingersite.com\/menu\/\",\"name\":\"Men\u00fc &#187; Vibe Budapest\",\"isPartOf\":{\"@id\":\"https:\/\/purple-crow-430701.hostingersite.com\/#website\"},\"primaryImageOfPage\":{\"@id\":\"https:\/\/purple-crow-430701.hostingersite.com\/menu\/#primaryimage\"},\"image\":{\"@id\":\"https:\/\/purple-crow-430701.hostingersite.com\/menu\/#primaryimage\"},\"thumbnailUrl\":\"https:\/\/vibe.smartbits.hu\/wp-content\/uploads\/2025\/09\/858A33972.jpg\",\"datePublished\":\"2025-09-04T13:29:27+00:00\",\"dateModified\":\"2025-09-29T14:30:34+00:00\",\"breadcrumb\":{\"@id\":\"https:\/\/purple-crow-430701.hostingersite.com\/menu\/#breadcrumb\"},\"inLanguage\":\"en-US\",\"potentialAction\":[{\"@type\":\"ReadAction\",\"target\":[\"https:\/\/purple-crow-430701.hostingersite.com\/menu\/\"]}]},{\"@type\":\"ImageObject\",\"inLanguage\":\"en-US\",\"@id\":\"https:\/\/purple-crow-430701.hostingersite.com\/menu\/#primaryimage\",\"url\":\"https:\/\/vibe.smartbits.hu\/wp-content\/uploads\/2025\/09\/858A33972.jpg\",\"contentUrl\":\"https:\/\/vibe.smartbits.hu\/wp-content\/uploads\/2025\/09\/858A33972.jpg\"},{\"@type\":\"BreadcrumbList\",\"@id\":\"https:\/\/purple-crow-430701.hostingersite.com\/menu\/#breadcrumb\",\"itemListElement\":[{\"@type\":\"ListItem\",\"position\":1,\"name\":\"Home\",\"item\":\"https:\/\/vibe.smartbits.hu\/\"},{\"@type\":\"ListItem\",\"position\":2,\"name\":\"Men\u00fc\"}]},{\"@type\":\"WebSite\",\"@id\":\"https:\/\/purple-crow-430701.hostingersite.com\/#website\",\"url\":\"https:\/\/purple-crow-430701.hostingersite.com\/\",\"name\":\"VIBE Budapest - K\u00fcl\u00f6nleges \u00e9tterem a belv\u00e1rosban\",\"description\":\"\",\"publisher\":{\"@id\":\"https:\/\/purple-crow-430701.hostingersite.com\/#organization\"},\"alternateName\":\"VIBE Budapest\",\"potentialAction\":[{\"@type\":\"SearchAction\",\"target\":{\"@type\":\"EntryPoint\",\"urlTemplate\":\"https:\/\/purple-crow-430701.hostingersite.com\/?s={search_term_string}\"},\"query-input\":{\"@type\":\"PropertyValueSpecification\",\"valueRequired\":true,\"valueName\":\"search_term_string\"}}],\"inLanguage\":\"en-US\"},{\"@type\":\"Organization\",\"@id\":\"https:\/\/purple-crow-430701.hostingersite.com\/#organization\",\"name\":\"COSTES HUNGARY Kft.\",\"alternateName\":\"Costes Group - VIBE Budapest\",\"url\":\"https:\/\/purple-crow-430701.hostingersite.com\/\",\"logo\":{\"@type\":\"ImageObject\",\"inLanguage\":\"en-US\",\"@id\":\"https:\/\/purple-crow-430701.hostingersite.com\/#\/schema\/logo\/image\/\",\"url\":\"https:\/\/vibe.smartbits.hu\/wp-content\/uploads\/2025\/09\/cropped-464938995-869305201999959-127485990165575090-n.jpg\",\"contentUrl\":\"https:\/\/vibe.smartbits.hu\/wp-content\/uploads\/2025\/09\/cropped-464938995-869305201999959-127485990165575090-n.jpg\",\"width\":512,\"height\":512,\"caption\":\"COSTES HUNGARY Kft.\"},\"image\":{\"@id\":\"https:\/\/purple-crow-430701.hostingersite.com\/#\/schema\/logo\/image\/\"},\"sameAs\":[\"https:\/\/www.facebook.com\/budapest.vibe\/\",\"https:\/\/www.instagram.com\/vibe.budapest\/\",\"https:\/\/www.tiktok.com\/@vibebudapest\",\"https:\/\/www.youtube.com\/@VibeBudapest\",\"https:\/\/open.spotify.com\/playlist\/1JGI0CpY1SlP5xgJejmVPA?si=0464e4a509284a29&nd=1&dlsi=a5bedb7ab7c84ebd\"],\"email\":\"hello@vibe.smartbits.hu\",\"telephone\":\"+36 20 984 8423\",\"legalName\":\"COSTES HUNGARY Kft.\"}]}<\/script>\n<!-- \/ Yoast SEO Premium plugin. -->","yoast_head_json":{"title":"Men\u00fc &#187; Vibe Budapest","robots":{"index":"index","follow":"follow","max-snippet":"max-snippet:-1","max-image-preview":"max-image-preview:large","max-video-preview":"max-video-preview:-1"},"canonical":"https:\/\/purple-crow-430701.hostingersite.com\/menu\/","og_locale":"en_US","og_type":"article","og_title":"Men\u00fc","og_description":"\u00e9tlap A vil\u00e1g legkedveltebb \u00e9teleit. Pr\u00e9mium alapanyagok, mer\u00e9sz \u00edzek \u00e9s l\u00e1tv\u00e1nyos t\u00e1lal\u00e1s. B\u0150VEBBEN kokt\u00e9lok Signature kokt\u00e9lok, titkos recept\u00far\u00e1k, \u00f3ri\u00e1si ultra-pr\u00e9mium whisky \u00e9s tequila v\u00e1laszt\u00e9k. B\u0150VEBBEN borlap Borlapunk a vil\u00e1g legszebb d\u0171l\u0151ire visz, igazi utaz\u00e1s. B\u0150VEBBEN N\u00e1lunk a vacsora csak a kezdet. Minden asztal \u00faj sztori, minden este egy titok, amit vagy megosztasz\u2026 vagy megtartasz magadnak. [&hellip;]","og_url":"https:\/\/purple-crow-430701.hostingersite.com\/menu\/","og_site_name":"Vibe Budapest","article_publisher":"https:\/\/www.facebook.com\/budapest.vibe\/","article_modified_time":"2025-09-29T14:30:34+00:00","og_image":[{"url":"https:\/\/purple-crow-430701.hostingersite.com\/wp-content\/uploads\/2025\/09\/858A33972.jpg","type":"","width":"","height":""}],"twitter_card":"summary_large_image","twitter_misc":{"Est. reading time":"2 minutes"},"schema":{"@context":"https:\/\/schema.org","@graph":[{"@type":"WebPage","@id":"https:\/\/purple-crow-430701.hostingersite.com\/menu\/","url":"https:\/\/purple-crow-430701.hostingersite.com\/menu\/","name":"Men\u00fc &#187; Vibe Budapest","isPartOf":{"@id":"https:\/\/purple-crow-430701.hostingersite.com\/#website"},"primaryImageOfPage":{"@id":"https:\/\/purple-crow-430701.hostingersite.com\/menu\/#primaryimage"},"image":{"@id":"https:\/\/purple-crow-430701.hostingersite.com\/menu\/#primaryimage"},"thumbnailUrl":"https:\/\/vibe.smartbits.hu\/wp-content\/uploads\/2025\/09\/858A33972.jpg","datePublished":"2025-09-04T13:29:27+00:00","dateModified":"2025-09-29T14:30:34+00:00","breadcrumb":{"@id":"https:\/\/purple-crow-430701.hostingersite.com\/menu\/#breadcrumb"},"inLanguage":"en-US","potentialAction":[{"@type":"ReadAction","target":["https:\/\/purple-crow-430701.hostingersite.com\/menu\/"]}]},{"@type":"ImageObject","inLanguage":"en-US","@id":"https:\/\/purple-crow-430701.hostingersite.com\/menu\/#primaryimage","url":"https:\/\/vibe.smartbits.hu\/wp-content\/uploads\/2025\/09\/858A33972.jpg","contentUrl":"https:\/\/vibe.smartbits.hu\/wp-content\/uploads\/2025\/09\/858A33972.jpg"},{"@type":"BreadcrumbList","@id":"https:\/\/purple-crow-430701.hostingersite.com\/menu\/#breadcrumb","itemListElement":[{"@type":"ListItem","position":1,"name":"Home","item":"https:\/\/vibe.smartbits.hu\/"},{"@type":"ListItem","position":2,"name":"Men\u00fc"}]},{"@type":"WebSite","@id":"https:\/\/purple-crow-430701.hostingersite.com\/#website","url":"https:\/\/purple-crow-430701.hostingersite.com\/","name":"VIBE Budapest - K\u00fcl\u00f6nleges \u00e9tterem a belv\u00e1rosban","description":"","publisher":{"@id":"https:\/\/purple-crow-430701.hostingersite.com\/#organization"},"alternateName":"VIBE Budapest","potentialAction":[{"@type":"SearchAction","target":{"@type":"EntryPoint","urlTemplate":"https:\/\/purple-crow-430701.hostingersite.com\/?s={search_term_string}"},"query-input":{"@type":"PropertyValueSpecification","valueRequired":true,"valueName":"search_term_string"}}],"inLanguage":"en-US"},{"@type":"Organization","@id":"https:\/\/purple-crow-430701.hostingersite.com\/#organization","name":"COSTES HUNGARY Kft.","alternateName":"Costes Group - VIBE Budapest","url":"https:\/\/purple-crow-430701.hostingersite.com\/","logo":{"@type":"ImageObject","inLanguage":"en-US","@id":"https:\/\/purple-crow-430701.hostingersite.com\/#\/schema\/logo\/image\/","url":"https:\/\/vibe.smartbits.hu\/wp-content\/uploads\/2025\/09\/cropped-464938995-869305201999959-127485990165575090-n.jpg","contentUrl":"https:\/\/vibe.smartbits.hu\/wp-content\/uploads\/2025\/09\/cropped-464938995-869305201999959-127485990165575090-n.jpg","width":512,"height":512,"caption":"COSTES HUNGARY Kft."},"image":{"@id":"https:\/\/purple-crow-430701.hostingersite.com\/#\/schema\/logo\/image\/"},"sameAs":["https:\/\/www.facebook.com\/budapest.vibe\/","https:\/\/www.instagram.com\/vibe.budapest\/","https:\/\/www.tiktok.com\/@vibebudapest","https:\/\/www.youtube.com\/@VibeBudapest","https:\/\/open.spotify.com\/playlist\/1JGI0CpY1SlP5xgJejmVPA?si=0464e4a509284a29&nd=1&dlsi=a5bedb7ab7c84ebd"],"email":"hello@vibe.smartbits.hu","telephone":"+36 20 984 8423","legalName":"COSTES HUNGARY Kft."}]}},"_links":{"self":[{"href":"https:\/\/vibe.smartbits.hu\/en\/wp-json\/wp\/v2\/pages\/273","targetHints":{"allow":["GET"]}}],"collection":[{"href":"https:\/\/vibe.smartbits.hu\/en\/wp-json\/wp\/v2\/pages"}],"about":[{"href":"https:\/\/vibe.smartbits.hu\/en\/wp-json\/wp\/v2\/types\/page"}],"author":[{"embeddable":true,"href":"https:\/\/vibe.smartbits.hu\/en\/wp-json\/wp\/v2\/users\/1"}],"replies":[{"embeddable":true,"href":"https:\/\/vibe.smartbits.hu\/en\/wp-json\/wp\/v2\/comments?post=273"}],"version-history":[{"count":29,"href":"https:\/\/vibe.smartbits.hu\/en\/wp-json\/wp\/v2\/pages\/273\/revisions"}],"predecessor-version":[{"id":1473,"href":"https:\/\/vibe.smartbits.hu\/en\/wp-json\/wp\/v2\/pages\/273\/revisions\/1473"}],"wp:attachment":[{"href":"https:\/\/vibe.smartbits.hu\/en\/wp-json\/wp\/v2\/media?parent=273"}],"curies":[{"name":"wp","href":"https:\/\/api.w.org\/{rel}","templated":true}]}}